{"id":10130,"date":"2026-03-09T13:53:56","date_gmt":"2026-03-09T12:53:56","guid":{"rendered":"https:\/\/shop.erdexim.de\/product\/agw-vdi40-ott-gh-3-02\/"},"modified":"2026-05-07T12:33:02","modified_gmt":"2026-05-07T10:33:02","slug":"agw-vdi40-ott-gh-3-02","status":"publish","type":"product","link":"https:\/\/shop.erdexim.de\/en\/product\/agw-vdi40-ott-gh-3-02\/","title":{"rendered":"AGW VDI40 OTT GH 3.02"},"content":{"rendered":"<p>Modell \/ Typ: GH 3.02<br \/>\nHerkunftsland: Deutschland<br \/>\nHersteller: OTT<br \/>\nGewicht: 3,10 kg<br \/>\nAbmessungen: 175 \u00d7 75 \u00d7 75 mm<br \/>\nZustand: gebraucht<br \/>\nPreis ohne MwSt.<br \/>\nZusatzinformation: AS 3.01, f\u00fcr Sauter Revolver<\/p>","protected":false},"excerpt":{"rendered":"<p>Modell \/ Typ: GH 3.02 Herkunftsland: Deutschland Hersteller: OTT Gewicht: 3,10 kg Abmessungen: 175 \u00d7 75 \u00d7 75 mm Zustand: gebraucht Preis ohne MwSt. Zusatzinformation: AS 3.01, f\u00fcr Sauter Revolver<\/p>","protected":false},"featured_media":10126,"comment_status":"closed","ping_status":"closed","template":"","meta":[],"product_brand":[],"product_cat":[449],"product_tag":[],"class_list":{"0":"post-10130","1":"product","2":"type-product","3":"status-publish","4":"has-post-thumbnail","6":"product_cat-werkzeuge","8":"first","9":"instock","10":"taxable","11":"shipping-taxable","12":"purchasable","13":"product-type-simple"},"jetpack_sharing_enabled":true,"_links":{"self":[{"href":"https:\/\/shop.erdexim.de\/en\/wp-json\/wp\/v2\/product\/10130","targetHints":{"allow":["GET"]}}],"collection":[{"href":"https:\/\/shop.erdexim.de\/en\/wp-json\/wp\/v2\/product"}],"about":[{"href":"https:\/\/shop.erdexim.de\/en\/wp-json\/wp\/v2\/types\/product"}],"replies":[{"embeddable":true,"href":"https:\/\/shop.erdexim.de\/en\/wp-json\/wp\/v2\/comments?post=10130"}],"wp:featuredmedia":[{"embeddable":true,"href":"https:\/\/shop.erdexim.de\/en\/wp-json\/wp\/v2\/media\/10126"}],"wp:attachment":[{"href":"https:\/\/shop.erdexim.de\/en\/wp-json\/wp\/v2\/media?parent=10130"}],"wp:term":[{"taxonomy":"product_brand","embeddable":true,"href":"https:\/\/shop.erdexim.de\/en\/wp-json\/wp\/v2\/product_brand?post=10130"},{"taxonomy":"product_cat","embeddable":true,"href":"https:\/\/shop.erdexim.de\/en\/wp-json\/wp\/v2\/product_cat?post=10130"},{"taxonomy":"product_tag","embeddable":true,"href":"https:\/\/shop.erdexim.de\/en\/wp-json\/wp\/v2\/product_tag?post=10130"}],"curies":[{"name":"wp","href":"https:\/\/api.w.org\/{rel}","templated":true}]}}