{"id":10135,"date":"2026-03-09T13:53:58","date_gmt":"2026-03-09T12:53:58","guid":{"rendered":"https:\/\/shop.erdexim.de\/product\/agw-vdi40-40-4025wt250\/"},"modified":"2026-04-15T13:58:53","modified_gmt":"2026-04-15T11:58:53","slug":"agw-vdi40-40-4025wt250","status":"publish","type":"product","link":"https:\/\/shop.erdexim.de\/en\/product\/agw-vdi40-40-4025wt250\/","title":{"rendered":"AGW VDI40 40.4025WT250"},"content":{"rendered":"<p>Modell \/ Typ: 40.4025WT250<br \/>\nHerkunftsland: Deutschland (EWS)<br \/>\nHersteller: EWS<br \/>\nGewicht: 3,0 kg<br \/>\nAbmessungen: 180 \u00d7 95 \u00d7 80 mm<br \/>\nZustand: gebraucht<br \/>\nPreis ohne MwSt.<br \/>\nZusatzinformation: i = 1:1, f\u00fcr Sauter Revolver<\/p>","protected":false},"excerpt":{"rendered":"<p>Modell \/ Typ: 40.4025WT250 Herkunftsland: Deutschland (EWS) Hersteller: EWS Gewicht: 3,0 kg Abmessungen: 180 \u00d7 95 \u00d7 80 mm Zustand: gebraucht Preis ohne MwSt. Zusatzinformation: i = 1:1, f\u00fcr Sauter Revolver<\/p>","protected":false},"featured_media":10131,"comment_status":"closed","ping_status":"closed","template":"","meta":[],"product_brand":[],"product_cat":[449],"product_tag":[],"class_list":{"0":"post-10135","1":"product","2":"type-product","3":"status-publish","4":"has-post-thumbnail","6":"product_cat-werkzeuge","8":"first","9":"instock","10":"taxable","11":"shipping-taxable","12":"purchasable","13":"product-type-simple"},"jetpack_sharing_enabled":true,"_links":{"self":[{"href":"https:\/\/shop.erdexim.de\/en\/wp-json\/wp\/v2\/product\/10135","targetHints":{"allow":["GET"]}}],"collection":[{"href":"https:\/\/shop.erdexim.de\/en\/wp-json\/wp\/v2\/product"}],"about":[{"href":"https:\/\/shop.erdexim.de\/en\/wp-json\/wp\/v2\/types\/product"}],"replies":[{"embeddable":true,"href":"https:\/\/shop.erdexim.de\/en\/wp-json\/wp\/v2\/comments?post=10135"}],"wp:featuredmedia":[{"embeddable":true,"href":"https:\/\/shop.erdexim.de\/en\/wp-json\/wp\/v2\/media\/10131"}],"wp:attachment":[{"href":"https:\/\/shop.erdexim.de\/en\/wp-json\/wp\/v2\/media?parent=10135"}],"wp:term":[{"taxonomy":"product_brand","embeddable":true,"href":"https:\/\/shop.erdexim.de\/en\/wp-json\/wp\/v2\/product_brand?post=10135"},{"taxonomy":"product_cat","embeddable":true,"href":"https:\/\/shop.erdexim.de\/en\/wp-json\/wp\/v2\/product_cat?post=10135"},{"taxonomy":"product_tag","embeddable":true,"href":"https:\/\/shop.erdexim.de\/en\/wp-json\/wp\/v2\/product_tag?post=10135"}],"curies":[{"name":"wp","href":"https:\/\/api.w.org\/{rel}","templated":true}]}}