{"id":10149,"date":"2026-03-09T13:54:01","date_gmt":"2026-03-09T12:54:01","guid":{"rendered":"https:\/\/shop.erdexim.de\/product\/agw-vdi40-o33\/"},"modified":"2026-05-07T12:33:07","modified_gmt":"2026-05-07T10:33:07","slug":"agw-vdi40-o33","status":"publish","type":"product","link":"https:\/\/shop.erdexim.de\/en\/product\/agw-vdi40-o33\/","title":{"rendered":"AGW VDI40 \u00d833"},"content":{"rendered":"<p>Modell \/ Typ: VDI40 \u00d833<br \/>\nHerkunftsland: unbekannt<br \/>\nHersteller: unbekannt<br \/>\nGewicht: 3,45 kg<br \/>\nAbmessungen: 150 \u00d7 87 \u00d7 90 mm<br \/>\nZustand: neu<br \/>\nPreis ohne MwSt.<br \/>\nZusatzinformation: Aufnahme \u00d833 mm<\/p>","protected":false},"excerpt":{"rendered":"<p>Modell \/ Typ: VDI40 \u00d833 Herkunftsland: unbekannt Hersteller: unbekannt Gewicht: 3,45 kg Abmessungen: 150 \u00d7 87 \u00d7 90 mm Zustand: neu Preis ohne MwSt. Zusatzinformation: Aufnahme \u00d833 mm<\/p>","protected":false},"featured_media":10143,"comment_status":"closed","ping_status":"closed","template":"","meta":[],"product_brand":[],"product_cat":[449],"product_tag":[],"class_list":{"0":"post-10149","1":"product","2":"type-product","3":"status-publish","4":"has-post-thumbnail","6":"product_cat-werkzeuge","8":"first","9":"instock","10":"taxable","11":"shipping-taxable","12":"purchasable","13":"product-type-simple"},"jetpack_sharing_enabled":true,"_links":{"self":[{"href":"https:\/\/shop.erdexim.de\/en\/wp-json\/wp\/v2\/product\/10149","targetHints":{"allow":["GET"]}}],"collection":[{"href":"https:\/\/shop.erdexim.de\/en\/wp-json\/wp\/v2\/product"}],"about":[{"href":"https:\/\/shop.erdexim.de\/en\/wp-json\/wp\/v2\/types\/product"}],"replies":[{"embeddable":true,"href":"https:\/\/shop.erdexim.de\/en\/wp-json\/wp\/v2\/comments?post=10149"}],"wp:featuredmedia":[{"embeddable":true,"href":"https:\/\/shop.erdexim.de\/en\/wp-json\/wp\/v2\/media\/10143"}],"wp:attachment":[{"href":"https:\/\/shop.erdexim.de\/en\/wp-json\/wp\/v2\/media?parent=10149"}],"wp:term":[{"taxonomy":"product_brand","embeddable":true,"href":"https:\/\/shop.erdexim.de\/en\/wp-json\/wp\/v2\/product_brand?post=10149"},{"taxonomy":"product_cat","embeddable":true,"href":"https:\/\/shop.erdexim.de\/en\/wp-json\/wp\/v2\/product_cat?post=10149"},{"taxonomy":"product_tag","embeddable":true,"href":"https:\/\/shop.erdexim.de\/en\/wp-json\/wp\/v2\/product_tag?post=10149"}],"curies":[{"name":"wp","href":"https:\/\/api.w.org\/{rel}","templated":true}]}}