{"id":10155,"date":"2026-03-09T13:54:02","date_gmt":"2026-03-09T12:54:02","guid":{"rendered":"https:\/\/shop.erdexim.de\/product\/agw-vdi40-40-40v4zt25000\/"},"modified":"2026-04-23T17:36:14","modified_gmt":"2026-04-23T15:36:14","slug":"agw-vdi40-40-40v4zt25000","status":"publish","type":"product","link":"https:\/\/shop.erdexim.de\/en\/product\/agw-vdi40-40-40v4zt25000\/","title":{"rendered":"AGW VDI40 40.40V4ZT25000"},"content":{"rendered":"<p>Modell \/ Typ: 40.40V4ZT25000<br \/>\nHerkunftsland: Deutschland<br \/>\nHersteller: EWS<br \/>\nGewicht: 3,66 kg<br \/>\nAbmessungen: 175 \u00d7 85 \u00d7 85 mm<br \/>\nZustand: gebraucht, gepr\u00fcft, voll funktionsf\u00e4hig<br \/>\nPreis ohne MwSt.<br \/>\nZusatzinformation: i = 1:1<\/p>","protected":false},"excerpt":{"rendered":"<p>Modell \/ Typ: 40.40V4ZT25000 Herkunftsland: Deutschland Hersteller: EWS Gewicht: 3,66 kg Abmessungen: 175 \u00d7 85 \u00d7 85 mm Zustand: gebraucht, gepr\u00fcft, voll funktionsf\u00e4hig Preis ohne MwSt. Zusatzinformation: i = 1:1<\/p>","protected":false},"featured_media":10150,"comment_status":"closed","ping_status":"closed","template":"","meta":[],"product_brand":[],"product_cat":[449],"product_tag":[],"class_list":{"0":"post-10155","1":"product","2":"type-product","3":"status-publish","4":"has-post-thumbnail","6":"product_cat-werkzeuge","8":"first","9":"instock","10":"taxable","11":"shipping-taxable","12":"purchasable","13":"product-type-simple"},"jetpack_sharing_enabled":true,"_links":{"self":[{"href":"https:\/\/shop.erdexim.de\/en\/wp-json\/wp\/v2\/product\/10155","targetHints":{"allow":["GET"]}}],"collection":[{"href":"https:\/\/shop.erdexim.de\/en\/wp-json\/wp\/v2\/product"}],"about":[{"href":"https:\/\/shop.erdexim.de\/en\/wp-json\/wp\/v2\/types\/product"}],"replies":[{"embeddable":true,"href":"https:\/\/shop.erdexim.de\/en\/wp-json\/wp\/v2\/comments?post=10155"}],"wp:featuredmedia":[{"embeddable":true,"href":"https:\/\/shop.erdexim.de\/en\/wp-json\/wp\/v2\/media\/10150"}],"wp:attachment":[{"href":"https:\/\/shop.erdexim.de\/en\/wp-json\/wp\/v2\/media?parent=10155"}],"wp:term":[{"taxonomy":"product_brand","embeddable":true,"href":"https:\/\/shop.erdexim.de\/en\/wp-json\/wp\/v2\/product_brand?post=10155"},{"taxonomy":"product_cat","embeddable":true,"href":"https:\/\/shop.erdexim.de\/en\/wp-json\/wp\/v2\/product_cat?post=10155"},{"taxonomy":"product_tag","embeddable":true,"href":"https:\/\/shop.erdexim.de\/en\/wp-json\/wp\/v2\/product_tag?post=10155"}],"curies":[{"name":"wp","href":"https:\/\/api.w.org\/{rel}","templated":true}]}}