{"id":10337,"date":"2026-03-09T13:54:41","date_gmt":"2026-03-09T12:54:41","guid":{"rendered":"https:\/\/shop.erdexim.de\/product\/agw-vdi40-80-40vx45482rik\/"},"modified":"2026-03-26T17:52:55","modified_gmt":"2026-03-26T16:52:55","slug":"agw-vdi40-80-40vx45482rik","status":"publish","type":"product","link":"https:\/\/shop.erdexim.de\/en\/product\/agw-vdi40-80-40vx45482rik\/","title":{"rendered":"AGW VDI40 80.40VX45482RIK"},"content":{"rendered":"<p>Modell \/ Typ: 80.40VX45482RIK<br \/>\nHerkunftsland: Deutschland<br \/>\nHersteller: EWS<br \/>\nGewicht: 7,0 kg<br \/>\nAbmessungen: 180 \u00d7 140 \u00d7 80 mm<br \/>\nZustand: gebraucht, gepr\u00fcft, voll funktionsf\u00e4hig<br \/>\nPreis ohne MwSt.<br \/>\nZusatzinformation: S\/N: 172404896, i = 1:1, kein Trockenlauf, Pmax: 70 bar, X = 90.02<\/p>","protected":false},"excerpt":{"rendered":"<p>Modell \/ Typ: 80.40VX45482RIK Herkunftsland: Deutschland Hersteller: EWS Gewicht: 7,0 kg Abmessungen: 180 \u00d7 140 \u00d7 80 mm Zustand: gebraucht, gepr\u00fcft, voll funktionsf\u00e4hig Preis ohne MwSt. Zusatzinformation: S\/N: 172404896, i = 1:1, kein Trockenlauf, Pmax: 70 bar, X = 90.02<\/p>","protected":false},"featured_media":10331,"comment_status":"closed","ping_status":"closed","template":"","meta":[],"product_brand":[],"product_cat":[449],"product_tag":[],"class_list":{"0":"post-10337","1":"product","2":"type-product","3":"status-publish","4":"has-post-thumbnail","6":"product_cat-werkzeuge","8":"first","9":"instock","10":"taxable","11":"shipping-taxable","12":"purchasable","13":"product-type-simple"},"jetpack_sharing_enabled":true,"_links":{"self":[{"href":"https:\/\/shop.erdexim.de\/en\/wp-json\/wp\/v2\/product\/10337","targetHints":{"allow":["GET"]}}],"collection":[{"href":"https:\/\/shop.erdexim.de\/en\/wp-json\/wp\/v2\/product"}],"about":[{"href":"https:\/\/shop.erdexim.de\/en\/wp-json\/wp\/v2\/types\/product"}],"replies":[{"embeddable":true,"href":"https:\/\/shop.erdexim.de\/en\/wp-json\/wp\/v2\/comments?post=10337"}],"wp:featuredmedia":[{"embeddable":true,"href":"https:\/\/shop.erdexim.de\/en\/wp-json\/wp\/v2\/media\/10331"}],"wp:attachment":[{"href":"https:\/\/shop.erdexim.de\/en\/wp-json\/wp\/v2\/media?parent=10337"}],"wp:term":[{"taxonomy":"product_brand","embeddable":true,"href":"https:\/\/shop.erdexim.de\/en\/wp-json\/wp\/v2\/product_brand?post=10337"},{"taxonomy":"product_cat","embeddable":true,"href":"https:\/\/shop.erdexim.de\/en\/wp-json\/wp\/v2\/product_cat?post=10337"},{"taxonomy":"product_tag","embeddable":true,"href":"https:\/\/shop.erdexim.de\/en\/wp-json\/wp\/v2\/product_tag?post=10337"}],"curies":[{"name":"wp","href":"https:\/\/api.w.org\/{rel}","templated":true}]}}