{"id":10355,"date":"2026-03-09T13:54:45","date_gmt":"2026-03-09T12:54:45","guid":{"rendered":"https:\/\/shop.erdexim.de\/product\/agw-werkzeughalter-vdi40-o20\/"},"modified":"2026-05-12T14:28:53","modified_gmt":"2026-05-12T12:28:53","slug":"agw-werkzeughalter-vdi40-o20","status":"publish","type":"product","link":"https:\/\/shop.erdexim.de\/en\/product\/agw-werkzeughalter-vdi40-o20\/","title":{"rendered":"AGW Werkzeughalter VDI40 \u00d820"},"content":{"rendered":"<p>Modell \/ Typ: VDI40<br \/>\nHerkunftsland: Deutschland<br \/>\nHersteller: AGW<br \/>\nGewicht: 6,8 kg<br \/>\nAbmessungen: 180 \u00d7 140 \u00d7 90 mm<br \/>\nZustand: gebraucht, gepr\u00fcft, voll funktionsf\u00e4hig<br \/>\nPreis ohne MwSt.<br \/>\nZusatzinformation: Werkzeugaufnahme \u00d820 mm f\u00fcr VDI40 Revolver<\/p>","protected":false},"excerpt":{"rendered":"<p>Modell \/ Typ: VDI40 Herkunftsland: Deutschland Hersteller: AGW Gewicht: 6,8 kg Abmessungen: 180 \u00d7 140 \u00d7 90 mm Zustand: gebraucht, gepr\u00fcft, voll funktionsf\u00e4hig Preis ohne MwSt. Zusatzinformation: Werkzeugaufnahme \u00d820 mm f\u00fcr VDI40 Revolver<\/p>","protected":false},"featured_media":10350,"comment_status":"closed","ping_status":"closed","template":"","meta":[],"product_brand":[],"product_cat":[449],"product_tag":[],"class_list":{"0":"post-10355","1":"product","2":"type-product","3":"status-publish","4":"has-post-thumbnail","6":"product_cat-werkzeuge","8":"first","9":"instock","10":"taxable","11":"shipping-taxable","12":"purchasable","13":"product-type-simple"},"jetpack_sharing_enabled":true,"_links":{"self":[{"href":"https:\/\/shop.erdexim.de\/en\/wp-json\/wp\/v2\/product\/10355","targetHints":{"allow":["GET"]}}],"collection":[{"href":"https:\/\/shop.erdexim.de\/en\/wp-json\/wp\/v2\/product"}],"about":[{"href":"https:\/\/shop.erdexim.de\/en\/wp-json\/wp\/v2\/types\/product"}],"replies":[{"embeddable":true,"href":"https:\/\/shop.erdexim.de\/en\/wp-json\/wp\/v2\/comments?post=10355"}],"wp:featuredmedia":[{"embeddable":true,"href":"https:\/\/shop.erdexim.de\/en\/wp-json\/wp\/v2\/media\/10350"}],"wp:attachment":[{"href":"https:\/\/shop.erdexim.de\/en\/wp-json\/wp\/v2\/media?parent=10355"}],"wp:term":[{"taxonomy":"product_brand","embeddable":true,"href":"https:\/\/shop.erdexim.de\/en\/wp-json\/wp\/v2\/product_brand?post=10355"},{"taxonomy":"product_cat","embeddable":true,"href":"https:\/\/shop.erdexim.de\/en\/wp-json\/wp\/v2\/product_cat?post=10355"},{"taxonomy":"product_tag","embeddable":true,"href":"https:\/\/shop.erdexim.de\/en\/wp-json\/wp\/v2\/product_tag?post=10355"}],"curies":[{"name":"wp","href":"https:\/\/api.w.org\/{rel}","templated":true}]}}