{"id":10361,"date":"2026-03-09T13:54:47","date_gmt":"2026-03-09T12:54:47","guid":{"rendered":"https:\/\/shop.erdexim.de\/product\/agw-werkzeughalter-vdi40-o35\/"},"modified":"2026-05-07T12:34:01","modified_gmt":"2026-05-07T10:34:01","slug":"agw-werkzeughalter-vdi40-o35","status":"publish","type":"product","link":"https:\/\/shop.erdexim.de\/en\/product\/agw-werkzeughalter-vdi40-o35\/","title":{"rendered":"AGW Werkzeughalter VDI40 \u00d835"},"content":{"rendered":"<p>Modell \/ Typ: VDI40<br \/>\nHerkunftsland: Deutschland<br \/>\nHersteller: AGW<br \/>\nGewicht: 5,8 kg<br \/>\nAbmessungen: 200 \u00d7 120 \u00d7 80 mm<br \/>\nZustand: gebraucht, gepr\u00fcft, voll funktionsf\u00e4hig<br \/>\nPreis ohne MwSt.<br \/>\nZusatzinformation: Werkzeugaufnahme \u00d835 mm f\u00fcr VDI40 Revolver<\/p>","protected":false},"excerpt":{"rendered":"<p>Modell \/ Typ: VDI40 Herkunftsland: Deutschland Hersteller: AGW Gewicht: 5,8 kg Abmessungen: 200 \u00d7 120 \u00d7 80 mm Zustand: gebraucht, gepr\u00fcft, voll funktionsf\u00e4hig Preis ohne MwSt. Zusatzinformation: Werkzeugaufnahme \u00d835 mm f\u00fcr VDI40 Revolver<\/p>","protected":false},"featured_media":10356,"comment_status":"closed","ping_status":"closed","template":"","meta":[],"product_brand":[],"product_cat":[449],"product_tag":[],"class_list":{"0":"post-10361","1":"product","2":"type-product","3":"status-publish","4":"has-post-thumbnail","6":"product_cat-werkzeuge","8":"first","9":"instock","10":"taxable","11":"shipping-taxable","12":"purchasable","13":"product-type-simple"},"jetpack_sharing_enabled":true,"_links":{"self":[{"href":"https:\/\/shop.erdexim.de\/en\/wp-json\/wp\/v2\/product\/10361","targetHints":{"allow":["GET"]}}],"collection":[{"href":"https:\/\/shop.erdexim.de\/en\/wp-json\/wp\/v2\/product"}],"about":[{"href":"https:\/\/shop.erdexim.de\/en\/wp-json\/wp\/v2\/types\/product"}],"replies":[{"embeddable":true,"href":"https:\/\/shop.erdexim.de\/en\/wp-json\/wp\/v2\/comments?post=10361"}],"wp:featuredmedia":[{"embeddable":true,"href":"https:\/\/shop.erdexim.de\/en\/wp-json\/wp\/v2\/media\/10356"}],"wp:attachment":[{"href":"https:\/\/shop.erdexim.de\/en\/wp-json\/wp\/v2\/media?parent=10361"}],"wp:term":[{"taxonomy":"product_brand","embeddable":true,"href":"https:\/\/shop.erdexim.de\/en\/wp-json\/wp\/v2\/product_brand?post=10361"},{"taxonomy":"product_cat","embeddable":true,"href":"https:\/\/shop.erdexim.de\/en\/wp-json\/wp\/v2\/product_cat?post=10361"},{"taxonomy":"product_tag","embeddable":true,"href":"https:\/\/shop.erdexim.de\/en\/wp-json\/wp\/v2\/product_tag?post=10361"}],"curies":[{"name":"wp","href":"https:\/\/api.w.org\/{rel}","templated":true}]}}