{"id":10448,"date":"2026-03-10T15:39:38","date_gmt":"2026-03-10T14:39:38","guid":{"rendered":"https:\/\/shop.erdexim.de\/product\/agw-vdi20-0-5-921-202-070-710\/"},"modified":"2026-03-26T17:53:22","modified_gmt":"2026-03-26T16:53:22","slug":"agw-vdi20-0-5-921-202-070-710","status":"publish","type":"product","link":"https:\/\/shop.erdexim.de\/en\/product\/agw-vdi20-0-5-921-202-070-710\/","title":{"rendered":"AGW VDI20 0.5.921.202.070.710"},"content":{"rendered":"<p>Modell \/ Typ: 0.5.921.202.070.710<br \/>\nHerkunftsland: Deutschland<br \/>\nHersteller: SAUTER Feinmechanik GmbH<br \/>\nGewicht: 3,0 kg<br \/>\nAbmessungen: 150 \u00d7 150 \u00d7 90 mm<br \/>\nZustand: gebraucht, gepr\u00fcft, voll funktionsf\u00e4hig<br \/>\nPreis ohne MwSt.<br \/>\nZusatzinformation: Angetriebenes Werkzeug f\u00fcr VDI20 Revolver<\/p>","protected":false},"excerpt":{"rendered":"<p>Modell \/ Typ: 0.5.921.202.070.710 Herkunftsland: Deutschland Hersteller: SAUTER Feinmechanik GmbH Gewicht: 3,0 kg Abmessungen: 150 \u00d7 150 \u00d7 90 mm Zustand: gebraucht, gepr\u00fcft, voll funktionsf\u00e4hig Preis ohne MwSt. Zusatzinformation: Angetriebenes Werkzeug f\u00fcr VDI20 Revolver<\/p>","protected":false},"featured_media":10443,"comment_status":"closed","ping_status":"closed","template":"","meta":[],"product_brand":[],"product_cat":[449],"product_tag":[],"class_list":{"0":"post-10448","1":"product","2":"type-product","3":"status-publish","4":"has-post-thumbnail","6":"product_cat-werkzeuge","8":"first","9":"instock","10":"taxable","11":"shipping-taxable","12":"purchasable","13":"product-type-simple"},"jetpack_sharing_enabled":true,"_links":{"self":[{"href":"https:\/\/shop.erdexim.de\/en\/wp-json\/wp\/v2\/product\/10448","targetHints":{"allow":["GET"]}}],"collection":[{"href":"https:\/\/shop.erdexim.de\/en\/wp-json\/wp\/v2\/product"}],"about":[{"href":"https:\/\/shop.erdexim.de\/en\/wp-json\/wp\/v2\/types\/product"}],"replies":[{"embeddable":true,"href":"https:\/\/shop.erdexim.de\/en\/wp-json\/wp\/v2\/comments?post=10448"}],"wp:featuredmedia":[{"embeddable":true,"href":"https:\/\/shop.erdexim.de\/en\/wp-json\/wp\/v2\/media\/10443"}],"wp:attachment":[{"href":"https:\/\/shop.erdexim.de\/en\/wp-json\/wp\/v2\/media?parent=10448"}],"wp:term":[{"taxonomy":"product_brand","embeddable":true,"href":"https:\/\/shop.erdexim.de\/en\/wp-json\/wp\/v2\/product_brand?post=10448"},{"taxonomy":"product_cat","embeddable":true,"href":"https:\/\/shop.erdexim.de\/en\/wp-json\/wp\/v2\/product_cat?post=10448"},{"taxonomy":"product_tag","embeddable":true,"href":"https:\/\/shop.erdexim.de\/en\/wp-json\/wp\/v2\/product_tag?post=10448"}],"curies":[{"name":"wp","href":"https:\/\/api.w.org\/{rel}","templated":true}]}}