{"id":10460,"date":"2026-03-10T15:39:42","date_gmt":"2026-03-10T14:39:42","guid":{"rendered":"https:\/\/shop.erdexim.de\/product\/agw-vdi25-50-25v3tdrik\/"},"modified":"2026-05-07T12:34:29","modified_gmt":"2026-05-07T10:34:29","slug":"agw-vdi25-50-25v3tdrik","status":"publish","type":"product","link":"https:\/\/shop.erdexim.de\/en\/product\/agw-vdi25-50-25v3tdrik\/","title":{"rendered":"AGW VDI25 50.25V3TDRIK"},"content":{"rendered":"<p>Modell \/ Typ: 50.25V3TDRIK<br \/>\nHerkunftsland: Deutschland<br \/>\nHersteller: EWS Tool Technologies \/ Hoffmann Group<br \/>\nGewicht: 3,5 kg<br \/>\nAbmessungen: 150 \u00d7 120 \u00d7 80 mm<br \/>\nZustand: gebraucht, gepr\u00fcft, voll funktionsf\u00e4hig<br \/>\nPreis ohne MwSt.<br \/>\nZusatzinformation: Angetriebenes Werkzeug f\u00fcr VDI25 Revolver, i=1:1, mit Drehrichtungsumkehr, kein Trockenlauf<\/p>","protected":false},"excerpt":{"rendered":"<p>Modell \/ Typ: 50.25V3TDRIK Herkunftsland: Deutschland Hersteller: EWS Tool Technologies \/ Hoffmann Group Gewicht: 3,5 kg Abmessungen: 150 \u00d7 120 \u00d7 80 mm Zustand: gebraucht, gepr\u00fcft, voll funktionsf\u00e4hig Preis ohne MwSt. Zusatzinformation: Angetriebenes Werkzeug f\u00fcr VDI25 Revolver, i=1:1, mit Drehrichtungsumkehr, kein Trockenlauf<\/p>","protected":false},"featured_media":10455,"comment_status":"closed","ping_status":"closed","template":"","meta":[],"product_brand":[],"product_cat":[449],"product_tag":[],"class_list":{"0":"post-10460","1":"product","2":"type-product","3":"status-publish","4":"has-post-thumbnail","6":"product_cat-werkzeuge","8":"first","9":"instock","10":"taxable","11":"shipping-taxable","12":"purchasable","13":"product-type-simple"},"jetpack_sharing_enabled":true,"_links":{"self":[{"href":"https:\/\/shop.erdexim.de\/en\/wp-json\/wp\/v2\/product\/10460","targetHints":{"allow":["GET"]}}],"collection":[{"href":"https:\/\/shop.erdexim.de\/en\/wp-json\/wp\/v2\/product"}],"about":[{"href":"https:\/\/shop.erdexim.de\/en\/wp-json\/wp\/v2\/types\/product"}],"replies":[{"embeddable":true,"href":"https:\/\/shop.erdexim.de\/en\/wp-json\/wp\/v2\/comments?post=10460"}],"wp:featuredmedia":[{"embeddable":true,"href":"https:\/\/shop.erdexim.de\/en\/wp-json\/wp\/v2\/media\/10455"}],"wp:attachment":[{"href":"https:\/\/shop.erdexim.de\/en\/wp-json\/wp\/v2\/media?parent=10460"}],"wp:term":[{"taxonomy":"product_brand","embeddable":true,"href":"https:\/\/shop.erdexim.de\/en\/wp-json\/wp\/v2\/product_brand?post=10460"},{"taxonomy":"product_cat","embeddable":true,"href":"https:\/\/shop.erdexim.de\/en\/wp-json\/wp\/v2\/product_cat?post=10460"},{"taxonomy":"product_tag","embeddable":true,"href":"https:\/\/shop.erdexim.de\/en\/wp-json\/wp\/v2\/product_tag?post=10460"}],"curies":[{"name":"wp","href":"https:\/\/api.w.org\/{rel}","templated":true}]}}