{"id":10478,"date":"2026-03-10T15:39:47","date_gmt":"2026-03-10T14:39:47","guid":{"rendered":"https:\/\/shop.erdexim.de\/product\/agw-vdi30-x90-02\/"},"modified":"2026-03-26T17:53:29","modified_gmt":"2026-03-26T16:53:29","slug":"agw-vdi30-x90-02","status":"publish","type":"product","link":"https:\/\/shop.erdexim.de\/en\/product\/agw-vdi30-x90-02\/","title":{"rendered":"AGW VDI30 X90.02"},"content":{"rendered":"<p>Modell \/ Typ: X90.02<br \/>\nHerkunftsland: Deutschland<br \/>\nHersteller: unbekannt<br \/>\nGewicht: 4,0 kg<br \/>\nAbmessungen: 190 \u00d7 130 \u00d7 70 mm<br \/>\nZustand: gebraucht, gepr\u00fcft, voll funktionsf\u00e4hig<br \/>\nPreis ohne MwSt.<br \/>\nZusatzinformation: Angetriebenes Werkzeug f\u00fcr VDI30 Revolver, \u00dcbersetzung i=2:1, Drehrichtungsumkehr, Kegelrollenlager<\/p>","protected":false},"excerpt":{"rendered":"<p>Modell \/ Typ: X90.02 Herkunftsland: Deutschland Hersteller: unbekannt Gewicht: 4,0 kg Abmessungen: 190 \u00d7 130 \u00d7 70 mm Zustand: gebraucht, gepr\u00fcft, voll funktionsf\u00e4hig Preis ohne MwSt. Zusatzinformation: Angetriebenes Werkzeug f\u00fcr VDI30 Revolver, \u00dcbersetzung i=2:1, Drehrichtungsumkehr, Kegelrollenlager<\/p>","protected":false},"featured_media":10473,"comment_status":"closed","ping_status":"closed","template":"","meta":[],"product_brand":[],"product_cat":[449],"product_tag":[],"class_list":{"0":"post-10478","1":"product","2":"type-product","3":"status-publish","4":"has-post-thumbnail","6":"product_cat-werkzeuge","8":"first","9":"instock","10":"taxable","11":"shipping-taxable","12":"purchasable","13":"product-type-simple"},"jetpack_sharing_enabled":true,"_links":{"self":[{"href":"https:\/\/shop.erdexim.de\/en\/wp-json\/wp\/v2\/product\/10478","targetHints":{"allow":["GET"]}}],"collection":[{"href":"https:\/\/shop.erdexim.de\/en\/wp-json\/wp\/v2\/product"}],"about":[{"href":"https:\/\/shop.erdexim.de\/en\/wp-json\/wp\/v2\/types\/product"}],"replies":[{"embeddable":true,"href":"https:\/\/shop.erdexim.de\/en\/wp-json\/wp\/v2\/comments?post=10478"}],"wp:featuredmedia":[{"embeddable":true,"href":"https:\/\/shop.erdexim.de\/en\/wp-json\/wp\/v2\/media\/10473"}],"wp:attachment":[{"href":"https:\/\/shop.erdexim.de\/en\/wp-json\/wp\/v2\/media?parent=10478"}],"wp:term":[{"taxonomy":"product_brand","embeddable":true,"href":"https:\/\/shop.erdexim.de\/en\/wp-json\/wp\/v2\/product_brand?post=10478"},{"taxonomy":"product_cat","embeddable":true,"href":"https:\/\/shop.erdexim.de\/en\/wp-json\/wp\/v2\/product_cat?post=10478"},{"taxonomy":"product_tag","embeddable":true,"href":"https:\/\/shop.erdexim.de\/en\/wp-json\/wp\/v2\/product_tag?post=10478"}],"curies":[{"name":"wp","href":"https:\/\/api.w.org\/{rel}","templated":true}]}}