{"id":10484,"date":"2026-03-10T15:39:48","date_gmt":"2026-03-10T14:39:48","guid":{"rendered":"https:\/\/shop.erdexim.de\/product\/agw-vdi30-nr-g48-601218\/"},"modified":"2026-03-26T17:53:31","modified_gmt":"2026-03-26T16:53:31","slug":"agw-vdi30-nr-g48-601218","status":"publish","type":"product","link":"https:\/\/shop.erdexim.de\/en\/product\/agw-vdi30-nr-g48-601218\/","title":{"rendered":"AGW VDI30 NR.G48\/601218"},"content":{"rendered":"<p>Modell \/ Typ: NR.G48\/601218<br \/>\nHerkunftsland: Deutschland<br \/>\nHersteller: unbekannt<br \/>\nGewicht: 3,0 kg<br \/>\nAbmessungen: 150 \u00d7 60 \u00d7 60 mm<br \/>\nZustand: gebraucht, gepr\u00fcft, voll funktionsf\u00e4hig<br \/>\nPreis ohne MwSt.<br \/>\nZusatzinformation: Angetriebenes Werkzeug f\u00fcr VDI30 Revolver<\/p>","protected":false},"excerpt":{"rendered":"<p>Modell \/ Typ: NR.G48\/601218 Herkunftsland: Deutschland Hersteller: unbekannt Gewicht: 3,0 kg Abmessungen: 150 \u00d7 60 \u00d7 60 mm Zustand: gebraucht, gepr\u00fcft, voll funktionsf\u00e4hig Preis ohne MwSt. Zusatzinformation: Angetriebenes Werkzeug f\u00fcr VDI30 Revolver<\/p>","protected":false},"featured_media":10479,"comment_status":"closed","ping_status":"closed","template":"","meta":[],"product_brand":[],"product_cat":[449],"product_tag":[],"class_list":{"0":"post-10484","1":"product","2":"type-product","3":"status-publish","4":"has-post-thumbnail","6":"product_cat-werkzeuge","8":"first","9":"instock","10":"taxable","11":"shipping-taxable","12":"purchasable","13":"product-type-simple"},"jetpack_sharing_enabled":true,"_links":{"self":[{"href":"https:\/\/shop.erdexim.de\/en\/wp-json\/wp\/v2\/product\/10484","targetHints":{"allow":["GET"]}}],"collection":[{"href":"https:\/\/shop.erdexim.de\/en\/wp-json\/wp\/v2\/product"}],"about":[{"href":"https:\/\/shop.erdexim.de\/en\/wp-json\/wp\/v2\/types\/product"}],"replies":[{"embeddable":true,"href":"https:\/\/shop.erdexim.de\/en\/wp-json\/wp\/v2\/comments?post=10484"}],"wp:featuredmedia":[{"embeddable":true,"href":"https:\/\/shop.erdexim.de\/en\/wp-json\/wp\/v2\/media\/10479"}],"wp:attachment":[{"href":"https:\/\/shop.erdexim.de\/en\/wp-json\/wp\/v2\/media?parent=10484"}],"wp:term":[{"taxonomy":"product_brand","embeddable":true,"href":"https:\/\/shop.erdexim.de\/en\/wp-json\/wp\/v2\/product_brand?post=10484"},{"taxonomy":"product_cat","embeddable":true,"href":"https:\/\/shop.erdexim.de\/en\/wp-json\/wp\/v2\/product_cat?post=10484"},{"taxonomy":"product_tag","embeddable":true,"href":"https:\/\/shop.erdexim.de\/en\/wp-json\/wp\/v2\/product_tag?post=10484"}],"curies":[{"name":"wp","href":"https:\/\/api.w.org\/{rel}","templated":true}]}}