{"id":10521,"date":"2026-03-10T15:39:57","date_gmt":"2026-03-10T14:39:57","guid":{"rendered":"https:\/\/shop.erdexim.de\/product\/agw-vdi30-60-30v3g300rlikw\/"},"modified":"2026-05-07T12:34:43","modified_gmt":"2026-05-07T10:34:43","slug":"agw-vdi30-60-30v3g300rlikw","status":"publish","type":"product","link":"https:\/\/shop.erdexim.de\/en\/product\/agw-vdi30-60-30v3g300rlikw\/","title":{"rendered":"AGW VDI30 60.30V3G300RLIKW"},"content":{"rendered":"<p>Modell \/ Typ: 60.30V3G300RLIKW<br \/>\nHerkunftsland: Deutschland<br \/>\nHersteller: EWS<br \/>\nGewicht: 5,5 kg<br \/>\nAbmessungen: 220 \u00d7 120 \u00d7 80 mm<br \/>\nZustand: gebraucht, gepr\u00fcft, voll funktionsf\u00e4hig<br \/>\nPreis ohne MwSt.<br \/>\nZusatzinformation: Angetriebenes Werkzeug f\u00fcr VDI30 Revolver, \u00dcbersetzung i=1:1, Drehrichtungsumkehr, Traub Lizenz<\/p>","protected":false},"excerpt":{"rendered":"<p>Modell \/ Typ: 60.30V3G300RLIKW Herkunftsland: Deutschland Hersteller: EWS Gewicht: 5,5 kg Abmessungen: 220 \u00d7 120 \u00d7 80 mm Zustand: gebraucht, gepr\u00fcft, voll funktionsf\u00e4hig Preis ohne MwSt. Zusatzinformation: Angetriebenes Werkzeug f\u00fcr VDI30 Revolver, \u00dcbersetzung i=1:1, Drehrichtungsumkehr, Traub Lizenz<\/p>","protected":false},"featured_media":10516,"comment_status":"closed","ping_status":"closed","template":"","meta":[],"product_brand":[],"product_cat":[449],"product_tag":[],"class_list":{"0":"post-10521","1":"product","2":"type-product","3":"status-publish","4":"has-post-thumbnail","6":"product_cat-werkzeuge","8":"first","9":"instock","10":"taxable","11":"shipping-taxable","12":"purchasable","13":"product-type-simple"},"jetpack_sharing_enabled":true,"_links":{"self":[{"href":"https:\/\/shop.erdexim.de\/en\/wp-json\/wp\/v2\/product\/10521","targetHints":{"allow":["GET"]}}],"collection":[{"href":"https:\/\/shop.erdexim.de\/en\/wp-json\/wp\/v2\/product"}],"about":[{"href":"https:\/\/shop.erdexim.de\/en\/wp-json\/wp\/v2\/types\/product"}],"replies":[{"embeddable":true,"href":"https:\/\/shop.erdexim.de\/en\/wp-json\/wp\/v2\/comments?post=10521"}],"wp:featuredmedia":[{"embeddable":true,"href":"https:\/\/shop.erdexim.de\/en\/wp-json\/wp\/v2\/media\/10516"}],"wp:attachment":[{"href":"https:\/\/shop.erdexim.de\/en\/wp-json\/wp\/v2\/media?parent=10521"}],"wp:term":[{"taxonomy":"product_brand","embeddable":true,"href":"https:\/\/shop.erdexim.de\/en\/wp-json\/wp\/v2\/product_brand?post=10521"},{"taxonomy":"product_cat","embeddable":true,"href":"https:\/\/shop.erdexim.de\/en\/wp-json\/wp\/v2\/product_cat?post=10521"},{"taxonomy":"product_tag","embeddable":true,"href":"https:\/\/shop.erdexim.de\/en\/wp-json\/wp\/v2\/product_tag?post=10521"}],"curies":[{"name":"wp","href":"https:\/\/api.w.org\/{rel}","templated":true}]}}