{"id":10532,"date":"2026-03-10T15:40:00","date_gmt":"2026-03-10T14:40:00","guid":{"rendered":"https:\/\/shop.erdexim.de\/product\/agw-vdi30-60-30v3g300ik\/"},"modified":"2026-05-07T12:34:46","modified_gmt":"2026-05-07T10:34:46","slug":"agw-vdi30-60-30v3g300ik","status":"publish","type":"product","link":"https:\/\/shop.erdexim.de\/en\/product\/agw-vdi30-60-30v3g300ik\/","title":{"rendered":"AGW VDI30 60.30V3G300IK"},"content":{"rendered":"<p>Modell \/ Typ: 60.30V3G300IK<br \/>\nHerkunftsland: Deutschland<br \/>\nHersteller: EWS<br \/>\nGewicht: 4,9 kg<br \/>\nAbmessungen: 220 \u00d7 120 \u00d7 80 mm<br \/>\nZustand: gebraucht, gepr\u00fcft, voll funktionsf\u00e4hig<br \/>\nPreis ohne MwSt.<br \/>\nZusatzinformation: Angetriebenes Werkzeug f\u00fcr VDI30 Revolver, \u00dcbersetzung i=1:1, Drehrichtungsumkehr<\/p>","protected":false},"excerpt":{"rendered":"<p>Modell \/ Typ: 60.30V3G300IK Herkunftsland: Deutschland Hersteller: EWS Gewicht: 4,9 kg Abmessungen: 220 \u00d7 120 \u00d7 80 mm Zustand: gebraucht, gepr\u00fcft, voll funktionsf\u00e4hig Preis ohne MwSt. Zusatzinformation: Angetriebenes Werkzeug f\u00fcr VDI30 Revolver, \u00dcbersetzung i=1:1, Drehrichtungsumkehr<\/p>","protected":false},"featured_media":10527,"comment_status":"closed","ping_status":"closed","template":"","meta":[],"product_brand":[],"product_cat":[449],"product_tag":[],"class_list":{"0":"post-10532","1":"product","2":"type-product","3":"status-publish","4":"has-post-thumbnail","6":"product_cat-werkzeuge","8":"first","9":"instock","10":"taxable","11":"shipping-taxable","12":"purchasable","13":"product-type-simple"},"jetpack_sharing_enabled":true,"_links":{"self":[{"href":"https:\/\/shop.erdexim.de\/en\/wp-json\/wp\/v2\/product\/10532","targetHints":{"allow":["GET"]}}],"collection":[{"href":"https:\/\/shop.erdexim.de\/en\/wp-json\/wp\/v2\/product"}],"about":[{"href":"https:\/\/shop.erdexim.de\/en\/wp-json\/wp\/v2\/types\/product"}],"replies":[{"embeddable":true,"href":"https:\/\/shop.erdexim.de\/en\/wp-json\/wp\/v2\/comments?post=10532"}],"wp:featuredmedia":[{"embeddable":true,"href":"https:\/\/shop.erdexim.de\/en\/wp-json\/wp\/v2\/media\/10527"}],"wp:attachment":[{"href":"https:\/\/shop.erdexim.de\/en\/wp-json\/wp\/v2\/media?parent=10532"}],"wp:term":[{"taxonomy":"product_brand","embeddable":true,"href":"https:\/\/shop.erdexim.de\/en\/wp-json\/wp\/v2\/product_brand?post=10532"},{"taxonomy":"product_cat","embeddable":true,"href":"https:\/\/shop.erdexim.de\/en\/wp-json\/wp\/v2\/product_cat?post=10532"},{"taxonomy":"product_tag","embeddable":true,"href":"https:\/\/shop.erdexim.de\/en\/wp-json\/wp\/v2\/product_tag?post=10532"}],"curies":[{"name":"wp","href":"https:\/\/api.w.org\/{rel}","templated":true}]}}