{"id":10624,"date":"2026-03-10T15:40:24","date_gmt":"2026-03-10T14:40:24","guid":{"rendered":"https:\/\/shop.erdexim.de\/product\/agw-bmt55-60-45vx3tc600glx85\/"},"modified":"2026-05-07T12:35:13","modified_gmt":"2026-05-07T10:35:13","slug":"agw-bmt55-60-45vx3tc600glx85","status":"publish","type":"product","link":"https:\/\/shop.erdexim.de\/en\/product\/agw-bmt55-60-45vx3tc600glx85\/","title":{"rendered":"AGW BMT55 60.45VX3TC600GLX85"},"content":{"rendered":"<p>Modell \/ Typ: 60.45VX3TC600GLX85<br \/>\nHerkunftsland: Deutschland<br \/>\nHersteller: EWS<br \/>\nGewicht: 5,3 kg<br \/>\nAbmessungen: 210 \u00d7 110 \u00d7 80 mm<br \/>\nZustand: gebraucht, gepr\u00fcft, voll funktionsf\u00e4hig<br \/>\nPreis ohne MwSt.<br \/>\nZusatzinformation: Angetriebenes Werkzeug f\u00fcr BMT55 Revolver, \u00dcbersetzung i = 1:1<\/p>","protected":false},"excerpt":{"rendered":"<p>Modell \/ Typ: 60.45VX3TC600GLX85 Herkunftsland: Deutschland Hersteller: EWS Gewicht: 5,3 kg Abmessungen: 210 \u00d7 110 \u00d7 80 mm Zustand: gebraucht, gepr\u00fcft, voll funktionsf\u00e4hig Preis ohne MwSt. Zusatzinformation: Angetriebenes Werkzeug f\u00fcr BMT55 Revolver, \u00dcbersetzung i = 1:1<\/p>","protected":false},"featured_media":10619,"comment_status":"closed","ping_status":"closed","template":"","meta":[],"product_brand":[],"product_cat":[449],"product_tag":[],"class_list":{"0":"post-10624","1":"product","2":"type-product","3":"status-publish","4":"has-post-thumbnail","6":"product_cat-werkzeuge","8":"first","9":"instock","10":"taxable","11":"shipping-taxable","12":"purchasable","13":"product-type-simple"},"jetpack_sharing_enabled":true,"_links":{"self":[{"href":"https:\/\/shop.erdexim.de\/en\/wp-json\/wp\/v2\/product\/10624","targetHints":{"allow":["GET"]}}],"collection":[{"href":"https:\/\/shop.erdexim.de\/en\/wp-json\/wp\/v2\/product"}],"about":[{"href":"https:\/\/shop.erdexim.de\/en\/wp-json\/wp\/v2\/types\/product"}],"replies":[{"embeddable":true,"href":"https:\/\/shop.erdexim.de\/en\/wp-json\/wp\/v2\/comments?post=10624"}],"wp:featuredmedia":[{"embeddable":true,"href":"https:\/\/shop.erdexim.de\/en\/wp-json\/wp\/v2\/media\/10619"}],"wp:attachment":[{"href":"https:\/\/shop.erdexim.de\/en\/wp-json\/wp\/v2\/media?parent=10624"}],"wp:term":[{"taxonomy":"product_brand","embeddable":true,"href":"https:\/\/shop.erdexim.de\/en\/wp-json\/wp\/v2\/product_brand?post=10624"},{"taxonomy":"product_cat","embeddable":true,"href":"https:\/\/shop.erdexim.de\/en\/wp-json\/wp\/v2\/product_cat?post=10624"},{"taxonomy":"product_tag","embeddable":true,"href":"https:\/\/shop.erdexim.de\/en\/wp-json\/wp\/v2\/product_tag?post=10624"}],"curies":[{"name":"wp","href":"https:\/\/api.w.org\/{rel}","templated":true}]}}