{"id":10652,"date":"2026-03-10T15:40:32","date_gmt":"2026-03-10T14:40:32","guid":{"rendered":"https:\/\/shop.erdexim.de\/product\/agw-bmt40-60-68vx40qsmbmt\/"},"modified":"2026-05-14T16:24:47","modified_gmt":"2026-05-14T14:24:47","slug":"agw-bmt40-60-68vx40qsmbmt","status":"publish","type":"product","link":"https:\/\/shop.erdexim.de\/en\/product\/agw-bmt40-60-68vx40qsmbmt\/","title":{"rendered":"AGW BMT40 60.68VX40QSMBMT"},"content":{"rendered":"<p>Modell \/ Typ: 60.68VX40QSMBMT<br \/>\nHerkunftsland: Deutschland<br \/>\nHersteller: EWS<br \/>\nGewicht: 7,2 kg<br \/>\nAbmessungen: 220 \u00d7 180 \u00d7 100 mm<br \/>\nZustand: neu<br \/>\nPreis ohne MwSt.<br \/>\nZusatzinformation: Angetriebenes Werkzeug f\u00fcr BMT40 Revolver, \u00dcbersetzung i = 1:1, Direction of rotation X = 80.00<\/p>","protected":false},"excerpt":{"rendered":"<p>Modell \/ Typ: 60.68VX40QSMBMT Herkunftsland: Deutschland Hersteller: EWS Gewicht: 7,2 kg Abmessungen: 220 \u00d7 180 \u00d7 100 mm Zustand: neu Preis ohne MwSt. Zusatzinformation: Angetriebenes Werkzeug f\u00fcr BMT40 Revolver, \u00dcbersetzung i = 1:1, Direction of rotation X = 80.00<\/p>","protected":false},"featured_media":10647,"comment_status":"closed","ping_status":"closed","template":"","meta":[],"product_brand":[],"product_cat":[449],"product_tag":[],"class_list":{"0":"post-10652","1":"product","2":"type-product","3":"status-publish","4":"has-post-thumbnail","6":"product_cat-werkzeuge","8":"first","9":"instock","10":"taxable","11":"shipping-taxable","12":"purchasable","13":"product-type-simple"},"jetpack_sharing_enabled":true,"_links":{"self":[{"href":"https:\/\/shop.erdexim.de\/en\/wp-json\/wp\/v2\/product\/10652","targetHints":{"allow":["GET"]}}],"collection":[{"href":"https:\/\/shop.erdexim.de\/en\/wp-json\/wp\/v2\/product"}],"about":[{"href":"https:\/\/shop.erdexim.de\/en\/wp-json\/wp\/v2\/types\/product"}],"replies":[{"embeddable":true,"href":"https:\/\/shop.erdexim.de\/en\/wp-json\/wp\/v2\/comments?post=10652"}],"wp:featuredmedia":[{"embeddable":true,"href":"https:\/\/shop.erdexim.de\/en\/wp-json\/wp\/v2\/media\/10647"}],"wp:attachment":[{"href":"https:\/\/shop.erdexim.de\/en\/wp-json\/wp\/v2\/media?parent=10652"}],"wp:term":[{"taxonomy":"product_brand","embeddable":true,"href":"https:\/\/shop.erdexim.de\/en\/wp-json\/wp\/v2\/product_brand?post=10652"},{"taxonomy":"product_cat","embeddable":true,"href":"https:\/\/shop.erdexim.de\/en\/wp-json\/wp\/v2\/product_cat?post=10652"},{"taxonomy":"product_tag","embeddable":true,"href":"https:\/\/shop.erdexim.de\/en\/wp-json\/wp\/v2\/product_tag?post=10652"}],"curies":[{"name":"wp","href":"https:\/\/api.w.org\/{rel}","templated":true}]}}