{"id":10658,"date":"2026-03-10T15:40:34","date_gmt":"2026-03-10T14:40:34","guid":{"rendered":"https:\/\/shop.erdexim.de\/product\/agw-bmt40-60-4032sl300bmtik\/"},"modified":"2026-05-07T12:35:23","modified_gmt":"2026-05-07T10:35:23","slug":"agw-bmt40-60-4032sl300bmtik","status":"publish","type":"product","link":"https:\/\/shop.erdexim.de\/en\/product\/agw-bmt40-60-4032sl300bmtik\/","title":{"rendered":"AGW BMT40 60.4032SL300BMTIK"},"content":{"rendered":"<p>Modell \/ Typ: 60.4032SL300BMTIK<br \/>\nHerkunftsland: Deutschland<br \/>\nHersteller: EWS<br \/>\nGewicht: 11,8 kg<br \/>\nAbmessungen: 270 \u00d7 220 \u00d7 100 mm<br \/>\nZustand: gebraucht, gepr\u00fcft, voll funktionsf\u00e4hig<br \/>\nPreis ohne MwSt.<br \/>\nZusatzinformation: Angetriebenes Werkzeug f\u00fcr BMT40 Revolver, \u00dcbersetzung i = 1:1, Drehrichtungsumkehr<\/p>","protected":false},"excerpt":{"rendered":"<p>Modell \/ Typ: 60.4032SL300BMTIK Herkunftsland: Deutschland Hersteller: EWS Gewicht: 11,8 kg Abmessungen: 270 \u00d7 220 \u00d7 100 mm Zustand: gebraucht, gepr\u00fcft, voll funktionsf\u00e4hig Preis ohne MwSt. Zusatzinformation: Angetriebenes Werkzeug f\u00fcr BMT40 Revolver, \u00dcbersetzung i = 1:1, Drehrichtungsumkehr<\/p>","protected":false},"featured_media":10653,"comment_status":"closed","ping_status":"closed","template":"","meta":[],"product_brand":[],"product_cat":[449],"product_tag":[],"class_list":{"0":"post-10658","1":"product","2":"type-product","3":"status-publish","4":"has-post-thumbnail","6":"product_cat-werkzeuge","8":"first","9":"instock","10":"taxable","11":"shipping-taxable","12":"purchasable","13":"product-type-simple"},"jetpack_sharing_enabled":true,"_links":{"self":[{"href":"https:\/\/shop.erdexim.de\/en\/wp-json\/wp\/v2\/product\/10658","targetHints":{"allow":["GET"]}}],"collection":[{"href":"https:\/\/shop.erdexim.de\/en\/wp-json\/wp\/v2\/product"}],"about":[{"href":"https:\/\/shop.erdexim.de\/en\/wp-json\/wp\/v2\/types\/product"}],"replies":[{"embeddable":true,"href":"https:\/\/shop.erdexim.de\/en\/wp-json\/wp\/v2\/comments?post=10658"}],"wp:featuredmedia":[{"embeddable":true,"href":"https:\/\/shop.erdexim.de\/en\/wp-json\/wp\/v2\/media\/10653"}],"wp:attachment":[{"href":"https:\/\/shop.erdexim.de\/en\/wp-json\/wp\/v2\/media?parent=10658"}],"wp:term":[{"taxonomy":"product_brand","embeddable":true,"href":"https:\/\/shop.erdexim.de\/en\/wp-json\/wp\/v2\/product_brand?post=10658"},{"taxonomy":"product_cat","embeddable":true,"href":"https:\/\/shop.erdexim.de\/en\/wp-json\/wp\/v2\/product_cat?post=10658"},{"taxonomy":"product_tag","embeddable":true,"href":"https:\/\/shop.erdexim.de\/en\/wp-json\/wp\/v2\/product_tag?post=10658"}],"curies":[{"name":"wp","href":"https:\/\/api.w.org\/{rel}","templated":true}]}}