{"id":10680,"date":"2026-03-10T15:40:40","date_gmt":"2026-03-10T14:40:40","guid":{"rendered":"https:\/\/shop.erdexim.de\/product\/agw-bmt65-40-85v51809ik\/"},"modified":"2026-03-26T17:54:16","modified_gmt":"2026-03-26T16:54:16","slug":"agw-bmt65-40-85v51809ik","status":"publish","type":"product","link":"https:\/\/shop.erdexim.de\/en\/product\/agw-bmt65-40-85v51809ik\/","title":{"rendered":"AGW BMT65 40.85V51809IK"},"content":{"rendered":"<p>Modell \/ Typ: 40.85V51809IK<br \/>\nHerkunftsland: Deutschland<br \/>\nHersteller: EWS<br \/>\nGewicht: 8,0 kg<br \/>\nAbmessungen: 230 \u00d7 140 \u00d7 140 mm<br \/>\nZustand: gebraucht, gepr\u00fcft, voll funktionsf\u00e4hig<br \/>\nPreis ohne MwSt.<br \/>\nZusatzinformation: Angetriebenes Werkzeug f\u00fcr BMT65 Revolver, \u00dcbersetzung i = 1:1, K\u00fchlmitteldruck bis 25 bar, kein Trockenlauf<\/p>","protected":false},"excerpt":{"rendered":"<p>Modell \/ Typ: 40.85V51809IK Herkunftsland: Deutschland Hersteller: EWS Gewicht: 8,0 kg Abmessungen: 230 \u00d7 140 \u00d7 140 mm Zustand: gebraucht, gepr\u00fcft, voll funktionsf\u00e4hig Preis ohne MwSt. Zusatzinformation: Angetriebenes Werkzeug f\u00fcr BMT65 Revolver, \u00dcbersetzung i = 1:1, K\u00fchlmitteldruck bis 25 bar, kein Trockenlauf<\/p>","protected":false},"featured_media":10676,"comment_status":"closed","ping_status":"closed","template":"","meta":[],"product_brand":[],"product_cat":[449],"product_tag":[],"class_list":{"0":"post-10680","1":"product","2":"type-product","3":"status-publish","4":"has-post-thumbnail","6":"product_cat-werkzeuge","8":"first","9":"instock","10":"taxable","11":"shipping-taxable","12":"purchasable","13":"product-type-simple"},"jetpack_sharing_enabled":true,"_links":{"self":[{"href":"https:\/\/shop.erdexim.de\/en\/wp-json\/wp\/v2\/product\/10680","targetHints":{"allow":["GET"]}}],"collection":[{"href":"https:\/\/shop.erdexim.de\/en\/wp-json\/wp\/v2\/product"}],"about":[{"href":"https:\/\/shop.erdexim.de\/en\/wp-json\/wp\/v2\/types\/product"}],"replies":[{"embeddable":true,"href":"https:\/\/shop.erdexim.de\/en\/wp-json\/wp\/v2\/comments?post=10680"}],"wp:featuredmedia":[{"embeddable":true,"href":"https:\/\/shop.erdexim.de\/en\/wp-json\/wp\/v2\/media\/10676"}],"wp:attachment":[{"href":"https:\/\/shop.erdexim.de\/en\/wp-json\/wp\/v2\/media?parent=10680"}],"wp:term":[{"taxonomy":"product_brand","embeddable":true,"href":"https:\/\/shop.erdexim.de\/en\/wp-json\/wp\/v2\/product_brand?post=10680"},{"taxonomy":"product_cat","embeddable":true,"href":"https:\/\/shop.erdexim.de\/en\/wp-json\/wp\/v2\/product_cat?post=10680"},{"taxonomy":"product_tag","embeddable":true,"href":"https:\/\/shop.erdexim.de\/en\/wp-json\/wp\/v2\/product_tag?post=10680"}],"curies":[{"name":"wp","href":"https:\/\/api.w.org\/{rel}","templated":true}]}}