{"id":10708,"date":"2026-03-10T15:40:48","date_gmt":"2026-03-10T14:40:48","guid":{"rendered":"https:\/\/shop.erdexim.de\/product\/agw-vdi30-684-850\/"},"modified":"2026-03-26T17:54:24","modified_gmt":"2026-03-26T16:54:24","slug":"agw-vdi30-684-850","status":"publish","type":"product","link":"https:\/\/shop.erdexim.de\/en\/product\/agw-vdi30-684-850\/","title":{"rendered":"AGW VDI30 684.850"},"content":{"rendered":"<p>Modell \/ Typ: VDI30<br \/>\nHerkunftsland: Deutschland<br \/>\nHersteller: EWS<br \/>\nGewicht: 5,0 kg<br \/>\nAbmessungen: 160 \u00d7 120 \u00d7 70 mm<br \/>\nZustand: gebraucht, gepr\u00fcft, voll funktionsf\u00e4hig<br \/>\nPreis ohne MwSt.<br \/>\nZusatzinformation: Angetriebenes Werkzeug f\u00fcr VDI30 Revolver mit seitlicher Werkzeugaufnahme und K\u00fchlmittelanschluss<\/p>","protected":false},"excerpt":{"rendered":"<p>Modell \/ Typ: VDI30 Herkunftsland: Deutschland Hersteller: EWS Gewicht: 5,0 kg Abmessungen: 160 \u00d7 120 \u00d7 70 mm Zustand: gebraucht, gepr\u00fcft, voll funktionsf\u00e4hig Preis ohne MwSt. Zusatzinformation: Angetriebenes Werkzeug f\u00fcr VDI30 Revolver mit seitlicher Werkzeugaufnahme und K\u00fchlmittelanschluss<\/p>","protected":false},"featured_media":10704,"comment_status":"closed","ping_status":"closed","template":"","meta":[],"product_brand":[],"product_cat":[449],"product_tag":[],"class_list":{"0":"post-10708","1":"product","2":"type-product","3":"status-publish","4":"has-post-thumbnail","6":"product_cat-werkzeuge","8":"first","9":"instock","10":"taxable","11":"shipping-taxable","12":"purchasable","13":"product-type-simple"},"jetpack_sharing_enabled":true,"_links":{"self":[{"href":"https:\/\/shop.erdexim.de\/en\/wp-json\/wp\/v2\/product\/10708","targetHints":{"allow":["GET"]}}],"collection":[{"href":"https:\/\/shop.erdexim.de\/en\/wp-json\/wp\/v2\/product"}],"about":[{"href":"https:\/\/shop.erdexim.de\/en\/wp-json\/wp\/v2\/types\/product"}],"replies":[{"embeddable":true,"href":"https:\/\/shop.erdexim.de\/en\/wp-json\/wp\/v2\/comments?post=10708"}],"wp:featuredmedia":[{"embeddable":true,"href":"https:\/\/shop.erdexim.de\/en\/wp-json\/wp\/v2\/media\/10704"}],"wp:attachment":[{"href":"https:\/\/shop.erdexim.de\/en\/wp-json\/wp\/v2\/media?parent=10708"}],"wp:term":[{"taxonomy":"product_brand","embeddable":true,"href":"https:\/\/shop.erdexim.de\/en\/wp-json\/wp\/v2\/product_brand?post=10708"},{"taxonomy":"product_cat","embeddable":true,"href":"https:\/\/shop.erdexim.de\/en\/wp-json\/wp\/v2\/product_cat?post=10708"},{"taxonomy":"product_tag","embeddable":true,"href":"https:\/\/shop.erdexim.de\/en\/wp-json\/wp\/v2\/product_tag?post=10708"}],"curies":[{"name":"wp","href":"https:\/\/api.w.org\/{rel}","templated":true}]}}