{"id":10764,"date":"2026-03-17T17:28:30","date_gmt":"2026-03-17T16:28:30","guid":{"rendered":"https:\/\/shop.erdexim.de\/product\/siemens-simodrive-lt-modul-int-80a-6sn1123-1aa00-0da0\/"},"modified":"2026-05-07T12:35:55","modified_gmt":"2026-05-07T10:35:55","slug":"siemens-simodrive-lt-modul-int-80a-6sn1123-1aa00-0da0","status":"publish","type":"product","link":"https:\/\/shop.erdexim.de\/en\/product\/siemens-simodrive-lt-modul-int-80a-6sn1123-1aa00-0da0\/","title":{"rendered":"Siemens SIMODRIVE LT-MODUL INT. 80A     6SN1123-1AA00-0DA0"},"content":{"rendered":"<p>Modell \/ Typ: 6SN1123-1AA00-0DA0<br \/>\nHerkunftsland: Deutschland<br \/>\nHersteller: Siemens<br \/>\nGewicht: 8,3 kg<br \/>\nAbmessungen: 450 \u00d7 100 \u00d7 300 mm<br \/>\nZustand: gebraucht, gepr\u00fcft, voll funktionsf\u00e4hig<br \/>\nPreis ohne MwSt.<br \/>\nZusatzinformation: SIMODRIVE LT-MODUL INT. 80A<\/p>","protected":false},"excerpt":{"rendered":"<p>Modell \/ Typ: 6SN1123-1AA00-0DA0 Herkunftsland: Deutschland Hersteller: Siemens Gewicht: 8,3 kg Abmessungen: 450 \u00d7 100 \u00d7 300 mm Zustand: gebraucht, gepr\u00fcft, voll funktionsf\u00e4hig Preis ohne MwSt. Zusatzinformation: SIMODRIVE LT-MODUL INT. 80A<\/p>","protected":false},"featured_media":10759,"comment_status":"closed","ping_status":"closed","template":"","meta":[],"product_brand":[],"product_cat":[375],"product_tag":[],"class_list":{"0":"post-10764","1":"product","2":"type-product","3":"status-publish","4":"has-post-thumbnail","6":"product_cat-antriebstechnik","8":"first","9":"instock","10":"taxable","11":"shipping-taxable","12":"purchasable","13":"product-type-simple"},"jetpack_sharing_enabled":true,"_links":{"self":[{"href":"https:\/\/shop.erdexim.de\/en\/wp-json\/wp\/v2\/product\/10764","targetHints":{"allow":["GET"]}}],"collection":[{"href":"https:\/\/shop.erdexim.de\/en\/wp-json\/wp\/v2\/product"}],"about":[{"href":"https:\/\/shop.erdexim.de\/en\/wp-json\/wp\/v2\/types\/product"}],"replies":[{"embeddable":true,"href":"https:\/\/shop.erdexim.de\/en\/wp-json\/wp\/v2\/comments?post=10764"}],"wp:featuredmedia":[{"embeddable":true,"href":"https:\/\/shop.erdexim.de\/en\/wp-json\/wp\/v2\/media\/10759"}],"wp:attachment":[{"href":"https:\/\/shop.erdexim.de\/en\/wp-json\/wp\/v2\/media?parent=10764"}],"wp:term":[{"taxonomy":"product_brand","embeddable":true,"href":"https:\/\/shop.erdexim.de\/en\/wp-json\/wp\/v2\/product_brand?post=10764"},{"taxonomy":"product_cat","embeddable":true,"href":"https:\/\/shop.erdexim.de\/en\/wp-json\/wp\/v2\/product_cat?post=10764"},{"taxonomy":"product_tag","embeddable":true,"href":"https:\/\/shop.erdexim.de\/en\/wp-json\/wp\/v2\/product_tag?post=10764"}],"curies":[{"name":"wp","href":"https:\/\/api.w.org\/{rel}","templated":true}]}}