{"id":10817,"date":"2026-03-17T17:28:45","date_gmt":"2026-03-17T16:28:45","guid":{"rendered":"https:\/\/shop.erdexim.de\/product\/siemens-6fc5110-0bb04-0aa1\/"},"modified":"2026-05-07T12:36:12","modified_gmt":"2026-05-07T10:36:12","slug":"siemens-6fc5110-0bb04-0aa1","status":"publish","type":"product","link":"https:\/\/shop.erdexim.de\/en\/product\/siemens-6fc5110-0bb04-0aa1\/","title":{"rendered":"Siemens 6FC5110-0BB04-0AA1"},"content":{"rendered":"<p>Modell \/ Typ: 6FC5110-0BB04-0AA1<br \/>\nHerkunftsland: Deutschland<br \/>\nHersteller: Siemens<br \/>\nGewicht: 0,4 kg<br \/>\nAbmessungen: 270 \u00d7 180 \u00d7 200 mm<br \/>\nZustand: gebraucht, gepr\u00fcft, voll funktionsf\u00e4hig<br \/>\nPreis ohne MwSt.<br \/>\nZusatzinformation: SINUMERIK Modul<\/p>","protected":false},"excerpt":{"rendered":"<p>Modell \/ Typ: 6FC5110-0BB04-0AA1 Herkunftsland: Deutschland Hersteller: Siemens Gewicht: 0,4 kg Abmessungen: 270 \u00d7 180 \u00d7 200 mm Zustand: gebraucht, gepr\u00fcft, voll funktionsf\u00e4hig Preis ohne MwSt. Zusatzinformation: SINUMERIK Modul<\/p>","protected":false},"featured_media":10812,"comment_status":"closed","ping_status":"closed","template":"","meta":[],"product_brand":[],"product_cat":[374],"product_tag":[],"class_list":{"0":"post-10817","1":"product","2":"type-product","3":"status-publish","4":"has-post-thumbnail","6":"product_cat-steuerungstechnik","8":"first","9":"instock","10":"taxable","11":"shipping-taxable","12":"purchasable","13":"product-type-simple"},"jetpack_sharing_enabled":true,"_links":{"self":[{"href":"https:\/\/shop.erdexim.de\/en\/wp-json\/wp\/v2\/product\/10817","targetHints":{"allow":["GET"]}}],"collection":[{"href":"https:\/\/shop.erdexim.de\/en\/wp-json\/wp\/v2\/product"}],"about":[{"href":"https:\/\/shop.erdexim.de\/en\/wp-json\/wp\/v2\/types\/product"}],"replies":[{"embeddable":true,"href":"https:\/\/shop.erdexim.de\/en\/wp-json\/wp\/v2\/comments?post=10817"}],"wp:featuredmedia":[{"embeddable":true,"href":"https:\/\/shop.erdexim.de\/en\/wp-json\/wp\/v2\/media\/10812"}],"wp:attachment":[{"href":"https:\/\/shop.erdexim.de\/en\/wp-json\/wp\/v2\/media?parent=10817"}],"wp:term":[{"taxonomy":"product_brand","embeddable":true,"href":"https:\/\/shop.erdexim.de\/en\/wp-json\/wp\/v2\/product_brand?post=10817"},{"taxonomy":"product_cat","embeddable":true,"href":"https:\/\/shop.erdexim.de\/en\/wp-json\/wp\/v2\/product_cat?post=10817"},{"taxonomy":"product_tag","embeddable":true,"href":"https:\/\/shop.erdexim.de\/en\/wp-json\/wp\/v2\/product_tag?post=10817"}],"curies":[{"name":"wp","href":"https:\/\/api.w.org\/{rel}","templated":true}]}}