{"id":10829,"date":"2026-03-17T17:28:48","date_gmt":"2026-03-17T16:28:48","guid":{"rendered":"https:\/\/shop.erdexim.de\/product\/siemens-simatic-pc-830-rack-6es7643-5bc00-0hd0\/"},"modified":"2026-03-30T16:59:38","modified_gmt":"2026-03-30T14:59:38","slug":"siemens-simatic-pc-830-rack-6es7643-5bc00-0hd0","status":"publish","type":"product","link":"https:\/\/shop.erdexim.de\/en\/product\/siemens-simatic-pc-830-rack-6es7643-5bc00-0hd0\/","title":{"rendered":"Siemens SIMATIC PC 830 Rack 6ES7643-5BC00-0HD0"},"content":{"rendered":"<p>Modell \/ Typ: 6ES7643-5BC00-0HD0<br \/>\nHerkunftsland: Deutschland<br \/>\nHersteller: Siemens<br \/>\nGewicht: 17,0 kg<br \/>\nAbmessungen: 500 \u00d7 200 \u00d7 450 mm<br \/>\nZustand: gebraucht, gepr\u00fcft, voll funktionsf\u00e4hig<br \/>\nPreis ohne MwSt.<br \/>\nZusatzinformation: Industrie-Rack-PC Siemens SIMATIC PC 830 Rack<\/p>","protected":false},"excerpt":{"rendered":"<p>Modell \/ Typ: 6ES7643-5BC00-0HD0 Herkunftsland: Deutschland Hersteller: Siemens Gewicht: 17,0 kg Abmessungen: 500 \u00d7 200 \u00d7 450 mm Zustand: gebraucht, gepr\u00fcft, voll funktionsf\u00e4hig Preis ohne MwSt. Zusatzinformation: Industrie-Rack-PC Siemens SIMATIC PC 830 Rack<\/p>","protected":false},"featured_media":10824,"comment_status":"closed","ping_status":"closed","template":"","meta":[],"product_brand":[],"product_cat":[374],"product_tag":[],"class_list":{"0":"post-10829","1":"product","2":"type-product","3":"status-publish","4":"has-post-thumbnail","6":"product_cat-steuerungstechnik","8":"first","9":"instock","10":"taxable","11":"shipping-taxable","12":"purchasable","13":"product-type-simple"},"jetpack_sharing_enabled":true,"_links":{"self":[{"href":"https:\/\/shop.erdexim.de\/en\/wp-json\/wp\/v2\/product\/10829","targetHints":{"allow":["GET"]}}],"collection":[{"href":"https:\/\/shop.erdexim.de\/en\/wp-json\/wp\/v2\/product"}],"about":[{"href":"https:\/\/shop.erdexim.de\/en\/wp-json\/wp\/v2\/types\/product"}],"replies":[{"embeddable":true,"href":"https:\/\/shop.erdexim.de\/en\/wp-json\/wp\/v2\/comments?post=10829"}],"wp:featuredmedia":[{"embeddable":true,"href":"https:\/\/shop.erdexim.de\/en\/wp-json\/wp\/v2\/media\/10824"}],"wp:attachment":[{"href":"https:\/\/shop.erdexim.de\/en\/wp-json\/wp\/v2\/media?parent=10829"}],"wp:term":[{"taxonomy":"product_brand","embeddable":true,"href":"https:\/\/shop.erdexim.de\/en\/wp-json\/wp\/v2\/product_brand?post=10829"},{"taxonomy":"product_cat","embeddable":true,"href":"https:\/\/shop.erdexim.de\/en\/wp-json\/wp\/v2\/product_cat?post=10829"},{"taxonomy":"product_tag","embeddable":true,"href":"https:\/\/shop.erdexim.de\/en\/wp-json\/wp\/v2\/product_tag?post=10829"}],"curies":[{"name":"wp","href":"https:\/\/api.w.org\/{rel}","templated":true}]}}