{"id":10852,"date":"2026-03-17T17:28:52","date_gmt":"2026-03-17T16:28:52","guid":{"rendered":"https:\/\/shop.erdexim.de\/product\/siemens-sitop-power20-6ep1436-1sh01\/"},"modified":"2026-05-07T12:36:19","modified_gmt":"2026-05-07T10:36:19","slug":"siemens-sitop-power20-6ep1436-1sh01","status":"publish","type":"product","link":"https:\/\/shop.erdexim.de\/en\/product\/siemens-sitop-power20-6ep1436-1sh01\/","title":{"rendered":"Siemens SITOP power20 6EP1436-1SH01"},"content":{"rendered":"<p>Modell \/ Typ: 6EP1436-1SH01<br \/>\nHerkunftsland: \u00d6sterreich<br \/>\nHersteller: Siemens<br \/>\nGewicht: 3,8 kg<br \/>\nAbmessungen: 230 \u00d7 180 \u00d7 130 mm<br \/>\nZustand: gebraucht, gepr\u00fcft, voll funktionsf\u00e4hig<br \/>\nPreis ohne MwSt.<br \/>\nZusatzinformation: Stromversorgung SITOP power20, Eingang 3AC 400\u2013500 V 50\/60 Hz, Ausgang DC 24 V 20 A<\/p>","protected":false},"excerpt":{"rendered":"<p>Modell \/ Typ: 6EP1436-1SH01 Herkunftsland: \u00d6sterreich Hersteller: Siemens Gewicht: 3,8 kg Abmessungen: 230 \u00d7 180 \u00d7 130 mm Zustand: gebraucht, gepr\u00fcft, voll funktionsf\u00e4hig Preis ohne MwSt. Zusatzinformation: Stromversorgung SITOP power20, Eingang 3AC 400\u2013500 V 50\/60 Hz, Ausgang DC 24 V 20 A<\/p>","protected":false},"featured_media":10846,"comment_status":"closed","ping_status":"closed","template":"","meta":[],"product_brand":[],"product_cat":[374],"product_tag":[],"class_list":{"0":"post-10852","1":"product","2":"type-product","3":"status-publish","4":"has-post-thumbnail","6":"product_cat-steuerungstechnik","8":"first","9":"instock","10":"taxable","11":"shipping-taxable","12":"purchasable","13":"product-type-simple"},"jetpack_sharing_enabled":true,"_links":{"self":[{"href":"https:\/\/shop.erdexim.de\/en\/wp-json\/wp\/v2\/product\/10852","targetHints":{"allow":["GET"]}}],"collection":[{"href":"https:\/\/shop.erdexim.de\/en\/wp-json\/wp\/v2\/product"}],"about":[{"href":"https:\/\/shop.erdexim.de\/en\/wp-json\/wp\/v2\/types\/product"}],"replies":[{"embeddable":true,"href":"https:\/\/shop.erdexim.de\/en\/wp-json\/wp\/v2\/comments?post=10852"}],"wp:featuredmedia":[{"embeddable":true,"href":"https:\/\/shop.erdexim.de\/en\/wp-json\/wp\/v2\/media\/10846"}],"wp:attachment":[{"href":"https:\/\/shop.erdexim.de\/en\/wp-json\/wp\/v2\/media?parent=10852"}],"wp:term":[{"taxonomy":"product_brand","embeddable":true,"href":"https:\/\/shop.erdexim.de\/en\/wp-json\/wp\/v2\/product_brand?post=10852"},{"taxonomy":"product_cat","embeddable":true,"href":"https:\/\/shop.erdexim.de\/en\/wp-json\/wp\/v2\/product_cat?post=10852"},{"taxonomy":"product_tag","embeddable":true,"href":"https:\/\/shop.erdexim.de\/en\/wp-json\/wp\/v2\/product_tag?post=10852"}],"curies":[{"name":"wp","href":"https:\/\/api.w.org\/{rel}","templated":true}]}}