{"id":10857,"date":"2026-03-17T17:28:54","date_gmt":"2026-03-17T16:28:54","guid":{"rendered":"https:\/\/shop.erdexim.de\/product\/siemens-sinumerik-840c-zentralgeraet-6fc5100-0ab01-0aa1\/"},"modified":"2026-03-30T18:54:13","modified_gmt":"2026-03-30T16:54:13","slug":"siemens-sinumerik-840c-zentralgeraet-6fc5100-0ab01-0aa1","status":"publish","type":"product","link":"https:\/\/shop.erdexim.de\/en\/product\/siemens-sinumerik-840c-zentralgeraet-6fc5100-0ab01-0aa1\/","title":{"rendered":"Siemens SINUMERIK 840C Zentralger\u00e4t 6FC5100-0AB01-0AA1"},"content":{"rendered":"<p>Modell \/ Typ: 6FC5100-0AB01-0AA1<br \/>\nHerkunftsland: Deutschland<br \/>\nHersteller: Siemens<br \/>\nGewicht: 4,0 kg<br \/>\nAbmessungen: 370 \u00d7 270 \u00d7 200 mm<br \/>\nZustand: gebraucht, gepr\u00fcft, voll funktionsf\u00e4hig<br \/>\nPreis ohne MwSt.<br \/>\nZusatzinformation: SINUMERIK 840C Zentralger\u00e4t, Eingang AC 90\u2013260 V, 45\u201365 Hz, max. 350 VA, inklusive Power Supply E230 G5\/30WRGD (6FC5114-0AB01-0AA1) und BGR-Tr\u00e4ger 18 Einbaupl\u00e4tze<\/p>","protected":false},"excerpt":{"rendered":"<p>Modell \/ Typ: 6FC5100-0AB01-0AA1 Herkunftsland: Deutschland Hersteller: Siemens Gewicht: 4,0 kg Abmessungen: 370 \u00d7 270 \u00d7 200 mm Zustand: gebraucht, gepr\u00fcft, voll funktionsf\u00e4hig Preis ohne MwSt. Zusatzinformation: SINUMERIK 840C Zentralger\u00e4t, Eingang AC 90\u2013260 V, 45\u201365 Hz, max. 350 VA, inklusive Power Supply E230 G5\/30WRGD (6FC5114-0AB01-0AA1) und BGR-Tr\u00e4ger 18 Einbaupl\u00e4tze<\/p>","protected":false},"featured_media":10853,"comment_status":"closed","ping_status":"closed","template":"","meta":[],"product_brand":[],"product_cat":[374],"product_tag":[],"class_list":{"0":"post-10857","1":"product","2":"type-product","3":"status-publish","4":"has-post-thumbnail","6":"product_cat-steuerungstechnik","8":"first","9":"instock","10":"taxable","11":"shipping-taxable","12":"purchasable","13":"product-type-simple"},"jetpack_sharing_enabled":true,"_links":{"self":[{"href":"https:\/\/shop.erdexim.de\/en\/wp-json\/wp\/v2\/product\/10857","targetHints":{"allow":["GET"]}}],"collection":[{"href":"https:\/\/shop.erdexim.de\/en\/wp-json\/wp\/v2\/product"}],"about":[{"href":"https:\/\/shop.erdexim.de\/en\/wp-json\/wp\/v2\/types\/product"}],"replies":[{"embeddable":true,"href":"https:\/\/shop.erdexim.de\/en\/wp-json\/wp\/v2\/comments?post=10857"}],"wp:featuredmedia":[{"embeddable":true,"href":"https:\/\/shop.erdexim.de\/en\/wp-json\/wp\/v2\/media\/10853"}],"wp:attachment":[{"href":"https:\/\/shop.erdexim.de\/en\/wp-json\/wp\/v2\/media?parent=10857"}],"wp:term":[{"taxonomy":"product_brand","embeddable":true,"href":"https:\/\/shop.erdexim.de\/en\/wp-json\/wp\/v2\/product_brand?post=10857"},{"taxonomy":"product_cat","embeddable":true,"href":"https:\/\/shop.erdexim.de\/en\/wp-json\/wp\/v2\/product_cat?post=10857"},{"taxonomy":"product_tag","embeddable":true,"href":"https:\/\/shop.erdexim.de\/en\/wp-json\/wp\/v2\/product_tag?post=10857"}],"curies":[{"name":"wp","href":"https:\/\/api.w.org\/{rel}","templated":true}]}}