{"id":10892,"date":"2026-03-17T17:29:02","date_gmt":"2026-03-17T16:29:02","guid":{"rendered":"https:\/\/shop.erdexim.de\/product\/yaskawa-jzrcr-ypu01c-1\/"},"modified":"2026-03-17T16:29:03","modified_gmt":"2026-03-17T15:29:03","slug":"yaskawa-jzrcr-ypu01c-1","status":"publish","type":"product","link":"https:\/\/shop.erdexim.de\/en\/product\/yaskawa-jzrcr-ypu01c-1\/","title":{"rendered":"Yaskawa JZRCR-YPU01C-1"},"content":{"rendered":"<p>Modell \/ Typ: JZRCR-YPU01C-1<br \/>\nHerkunftsland: Japan<br \/>\nHersteller: Yaskawa Electric Corporation<br \/>\nGewicht: 3,0 kg<br \/>\nAbmessungen: 200 \u00d7 100 \u00d7 100 mm<br \/>\nZustand: gebraucht, gepr\u00fcft, voll funktionsf\u00e4hig<br \/>\nPreis ohne MwSt.<br \/>\nZusatzinformation: Baugruppe f\u00fcr Yaskawa Steuerungssysteme, Herstellungsdatum 08\/2023<\/p>","protected":false},"excerpt":{"rendered":"<p>Modell \/ Typ: JZRCR-YPU01C-1 Herkunftsland: Japan Hersteller: Yaskawa Electric Corporation Gewicht: 3,0 kg Abmessungen: 200 \u00d7 100 \u00d7 100 mm Zustand: gebraucht, gepr\u00fcft, voll funktionsf\u00e4hig Preis ohne MwSt. Zusatzinformation: Baugruppe f\u00fcr Yaskawa Steuerungssysteme, Herstellungsdatum 08\/2023<\/p>","protected":false},"featured_media":10886,"comment_status":"closed","ping_status":"closed","template":"","meta":[],"product_brand":[],"product_cat":[374],"product_tag":[],"class_list":{"0":"post-10892","1":"product","2":"type-product","3":"status-publish","4":"has-post-thumbnail","6":"product_cat-steuerungstechnik","8":"first","9":"instock","10":"taxable","11":"shipping-taxable","12":"purchasable","13":"product-type-simple"},"jetpack_sharing_enabled":true,"_links":{"self":[{"href":"https:\/\/shop.erdexim.de\/en\/wp-json\/wp\/v2\/product\/10892","targetHints":{"allow":["GET"]}}],"collection":[{"href":"https:\/\/shop.erdexim.de\/en\/wp-json\/wp\/v2\/product"}],"about":[{"href":"https:\/\/shop.erdexim.de\/en\/wp-json\/wp\/v2\/types\/product"}],"replies":[{"embeddable":true,"href":"https:\/\/shop.erdexim.de\/en\/wp-json\/wp\/v2\/comments?post=10892"}],"wp:featuredmedia":[{"embeddable":true,"href":"https:\/\/shop.erdexim.de\/en\/wp-json\/wp\/v2\/media\/10886"}],"wp:attachment":[{"href":"https:\/\/shop.erdexim.de\/en\/wp-json\/wp\/v2\/media?parent=10892"}],"wp:term":[{"taxonomy":"product_brand","embeddable":true,"href":"https:\/\/shop.erdexim.de\/en\/wp-json\/wp\/v2\/product_brand?post=10892"},{"taxonomy":"product_cat","embeddable":true,"href":"https:\/\/shop.erdexim.de\/en\/wp-json\/wp\/v2\/product_cat?post=10892"},{"taxonomy":"product_tag","embeddable":true,"href":"https:\/\/shop.erdexim.de\/en\/wp-json\/wp\/v2\/product_tag?post=10892"}],"curies":[{"name":"wp","href":"https:\/\/api.w.org\/{rel}","templated":true}]}}