{"id":10915,"date":"2026-03-17T17:29:09","date_gmt":"2026-03-17T16:29:09","guid":{"rendered":"https:\/\/shop.erdexim.de\/product\/yaskawa-converter-srda-c0a30a01a-e\/"},"modified":"2026-05-07T12:36:38","modified_gmt":"2026-05-07T10:36:38","slug":"yaskawa-converter-srda-c0a30a01a-e","status":"publish","type":"product","link":"https:\/\/shop.erdexim.de\/en\/product\/yaskawa-converter-srda-c0a30a01a-e\/","title":{"rendered":"Yaskawa Converter SRDA-C0A30A01A-E"},"content":{"rendered":"<p>Modell \/ Typ: SRDA-C0A30A01A-E<br \/>\nHerkunftsland: Japan<br \/>\nHersteller: Yaskawa Electric<br \/>\nGewicht: 7,2 kg<br \/>\nAbmessungen: 300 \u00d7 270 \u00d7 180 mm<br \/>\nZustand: gebraucht, gepr\u00fcft, voll funktionsf\u00e4hig<br \/>\nPreis ohne MwSt.<br \/>\nZusatzinformation: Converter, Version 0400B, O\/N Q15021-546-4<\/p>","protected":false},"excerpt":{"rendered":"<p>Modell \/ Typ: SRDA-C0A30A01A-E Herkunftsland: Japan Hersteller: Yaskawa Electric Gewicht: 7,2 kg Abmessungen: 300 \u00d7 270 \u00d7 180 mm Zustand: gebraucht, gepr\u00fcft, voll funktionsf\u00e4hig Preis ohne MwSt. Zusatzinformation: Converter, Version 0400B, O\/N Q15021-546-4<\/p>","protected":false},"featured_media":10910,"comment_status":"closed","ping_status":"closed","template":"","meta":[],"product_brand":[],"product_cat":[375],"product_tag":[],"class_list":{"0":"post-10915","1":"product","2":"type-product","3":"status-publish","4":"has-post-thumbnail","6":"product_cat-antriebstechnik","8":"first","9":"instock","10":"taxable","11":"shipping-taxable","12":"purchasable","13":"product-type-simple"},"jetpack_sharing_enabled":true,"_links":{"self":[{"href":"https:\/\/shop.erdexim.de\/en\/wp-json\/wp\/v2\/product\/10915","targetHints":{"allow":["GET"]}}],"collection":[{"href":"https:\/\/shop.erdexim.de\/en\/wp-json\/wp\/v2\/product"}],"about":[{"href":"https:\/\/shop.erdexim.de\/en\/wp-json\/wp\/v2\/types\/product"}],"replies":[{"embeddable":true,"href":"https:\/\/shop.erdexim.de\/en\/wp-json\/wp\/v2\/comments?post=10915"}],"wp:featuredmedia":[{"embeddable":true,"href":"https:\/\/shop.erdexim.de\/en\/wp-json\/wp\/v2\/media\/10910"}],"wp:attachment":[{"href":"https:\/\/shop.erdexim.de\/en\/wp-json\/wp\/v2\/media?parent=10915"}],"wp:term":[{"taxonomy":"product_brand","embeddable":true,"href":"https:\/\/shop.erdexim.de\/en\/wp-json\/wp\/v2\/product_brand?post=10915"},{"taxonomy":"product_cat","embeddable":true,"href":"https:\/\/shop.erdexim.de\/en\/wp-json\/wp\/v2\/product_cat?post=10915"},{"taxonomy":"product_tag","embeddable":true,"href":"https:\/\/shop.erdexim.de\/en\/wp-json\/wp\/v2\/product_tag?post=10915"}],"curies":[{"name":"wp","href":"https:\/\/api.w.org\/{rel}","templated":true}]}}