{"id":10955,"date":"2026-03-17T17:29:19","date_gmt":"2026-03-17T16:29:19","guid":{"rendered":"https:\/\/shop.erdexim.de\/product\/siemens-sinumerik-dmp-analog-out-6fc5111-0ca05-0aa0\/"},"modified":"2026-04-23T17:39:49","modified_gmt":"2026-04-23T15:39:49","slug":"siemens-sinumerik-dmp-analog-out-6fc5111-0ca05-0aa0","status":"publish","type":"product","link":"https:\/\/shop.erdexim.de\/en\/product\/siemens-sinumerik-dmp-analog-out-6fc5111-0ca05-0aa0\/","title":{"rendered":"Siemens SINUMERIK DMP Analog Out 6FC5111-0CA05-0AA0"},"content":{"rendered":"<p>Modell \/ Typ: 6FC5111-0CA05-0AA0<br \/>\nHerkunftsland: Deutschland<br \/>\nHersteller: Siemens<br \/>\nGewicht: 0,1 kg<br \/>\nAbmessungen: 100 \u00d7 100 \u00d7 30 mm<br \/>\nZustand: gebraucht, gepr\u00fcft, voll funktionsf\u00e4hig<br \/>\nPreis ohne MwSt.<br \/>\nZusatzinformation: SINUMERIK DMP Analog Output Modul, Version A<\/p>","protected":false},"excerpt":{"rendered":"<p>Modell \/ Typ: 6FC5111-0CA05-0AA0 Herkunftsland: Deutschland Hersteller: Siemens Gewicht: 0,1 kg Abmessungen: 100 \u00d7 100 \u00d7 30 mm Zustand: gebraucht, gepr\u00fcft, voll funktionsf\u00e4hig Preis ohne MwSt. Zusatzinformation: SINUMERIK DMP Analog Output Modul, Version A<\/p>","protected":false},"featured_media":10951,"comment_status":"closed","ping_status":"closed","template":"","meta":[],"product_brand":[],"product_cat":[374],"product_tag":[],"class_list":{"0":"post-10955","1":"product","2":"type-product","3":"status-publish","4":"has-post-thumbnail","6":"product_cat-steuerungstechnik","8":"first","9":"instock","10":"taxable","11":"shipping-taxable","12":"purchasable","13":"product-type-simple"},"jetpack_sharing_enabled":true,"_links":{"self":[{"href":"https:\/\/shop.erdexim.de\/en\/wp-json\/wp\/v2\/product\/10955","targetHints":{"allow":["GET"]}}],"collection":[{"href":"https:\/\/shop.erdexim.de\/en\/wp-json\/wp\/v2\/product"}],"about":[{"href":"https:\/\/shop.erdexim.de\/en\/wp-json\/wp\/v2\/types\/product"}],"replies":[{"embeddable":true,"href":"https:\/\/shop.erdexim.de\/en\/wp-json\/wp\/v2\/comments?post=10955"}],"wp:featuredmedia":[{"embeddable":true,"href":"https:\/\/shop.erdexim.de\/en\/wp-json\/wp\/v2\/media\/10951"}],"wp:attachment":[{"href":"https:\/\/shop.erdexim.de\/en\/wp-json\/wp\/v2\/media?parent=10955"}],"wp:term":[{"taxonomy":"product_brand","embeddable":true,"href":"https:\/\/shop.erdexim.de\/en\/wp-json\/wp\/v2\/product_brand?post=10955"},{"taxonomy":"product_cat","embeddable":true,"href":"https:\/\/shop.erdexim.de\/en\/wp-json\/wp\/v2\/product_cat?post=10955"},{"taxonomy":"product_tag","embeddable":true,"href":"https:\/\/shop.erdexim.de\/en\/wp-json\/wp\/v2\/product_tag?post=10955"}],"curies":[{"name":"wp","href":"https:\/\/api.w.org\/{rel}","templated":true}]}}