{"id":10960,"date":"2026-03-17T17:29:21","date_gmt":"2026-03-17T16:29:21","guid":{"rendered":"https:\/\/shop.erdexim.de\/product\/siemens-sinumerik-modul-6fc5111-0ca73-0aa1\/"},"modified":"2026-04-15T14:02:30","modified_gmt":"2026-04-15T12:02:30","slug":"siemens-sinumerik-modul-6fc5111-0ca73-0aa1","status":"publish","type":"product","link":"https:\/\/shop.erdexim.de\/en\/product\/siemens-sinumerik-modul-6fc5111-0ca73-0aa1\/","title":{"rendered":"Siemens SINUMERIK Modul 6FC5111-0CA73-0AA1"},"content":{"rendered":"<p>Modell \/ Typ: 6FC5111-0CA73-0AA1<br \/>\nHerkunftsland: Deutschland<br \/>\nHersteller: Siemens<br \/>\nGewicht: 0,3 kg<br \/>\nAbmessungen: 260 \u00d7 100 \u00d7 60 mm<br \/>\nZustand: gebraucht, gepr\u00fcft, voll funktionsf\u00e4hig<br \/>\nPreis ohne MwSt.<br \/>\nZusatzinformation: SINUMERIK Modul, Version B<\/p>","protected":false},"excerpt":{"rendered":"<p>Modell \/ Typ: 6FC5111-0CA73-0AA1 Herkunftsland: Deutschland Hersteller: Siemens Gewicht: 0,3 kg Abmessungen: 260 \u00d7 100 \u00d7 60 mm Zustand: gebraucht, gepr\u00fcft, voll funktionsf\u00e4hig Preis ohne MwSt. Zusatzinformation: SINUMERIK Modul, Version B<\/p>","protected":false},"featured_media":10956,"comment_status":"closed","ping_status":"closed","template":"","meta":[],"product_brand":[],"product_cat":[374],"product_tag":[],"class_list":{"0":"post-10960","1":"product","2":"type-product","3":"status-publish","4":"has-post-thumbnail","6":"product_cat-steuerungstechnik","8":"first","9":"instock","10":"taxable","11":"shipping-taxable","12":"purchasable","13":"product-type-simple"},"jetpack_sharing_enabled":true,"_links":{"self":[{"href":"https:\/\/shop.erdexim.de\/en\/wp-json\/wp\/v2\/product\/10960","targetHints":{"allow":["GET"]}}],"collection":[{"href":"https:\/\/shop.erdexim.de\/en\/wp-json\/wp\/v2\/product"}],"about":[{"href":"https:\/\/shop.erdexim.de\/en\/wp-json\/wp\/v2\/types\/product"}],"replies":[{"embeddable":true,"href":"https:\/\/shop.erdexim.de\/en\/wp-json\/wp\/v2\/comments?post=10960"}],"wp:featuredmedia":[{"embeddable":true,"href":"https:\/\/shop.erdexim.de\/en\/wp-json\/wp\/v2\/media\/10956"}],"wp:attachment":[{"href":"https:\/\/shop.erdexim.de\/en\/wp-json\/wp\/v2\/media?parent=10960"}],"wp:term":[{"taxonomy":"product_brand","embeddable":true,"href":"https:\/\/shop.erdexim.de\/en\/wp-json\/wp\/v2\/product_brand?post=10960"},{"taxonomy":"product_cat","embeddable":true,"href":"https:\/\/shop.erdexim.de\/en\/wp-json\/wp\/v2\/product_cat?post=10960"},{"taxonomy":"product_tag","embeddable":true,"href":"https:\/\/shop.erdexim.de\/en\/wp-json\/wp\/v2\/product_tag?post=10960"}],"curies":[{"name":"wp","href":"https:\/\/api.w.org\/{rel}","templated":true}]}}