{"id":10972,"date":"2026-03-24T19:25:37","date_gmt":"2026-03-24T18:25:37","guid":{"rendered":"https:\/\/shop.erdexim.de\/product\/lenze-frequenzumrichter-evd4903-e\/"},"modified":"2026-04-15T14:02:32","modified_gmt":"2026-04-15T12:02:32","slug":"lenze-frequenzumrichter-evd4903-e","status":"publish","type":"product","link":"https:\/\/shop.erdexim.de\/en\/product\/lenze-frequenzumrichter-evd4903-e\/","title":{"rendered":"Lenze Frequenzumrichter EVD4903-E"},"content":{"rendered":"<p>Modell \/ Typ: EVD4903-E<br \/>\nHerkunftsland: Deutschland<br \/>\nHersteller: Lenze<br \/>\nGewicht: 13,2 kg<br \/>\nAbmessungen: 400 \u00d7 220 \u00d7 270 mm<br \/>\nZustand: gebraucht, gepr\u00fcft, voll funktionsf\u00e4hig<br \/>\nPreis ohne MwSt.<br \/>\nZusatzinformation: Eingang 400 V 50\/60 Hz, Ausgang 420 V 25,0 A und 310 V 3,5 A<\/p>","protected":false},"excerpt":{"rendered":"<p>Modell \/ Typ: EVD4903-E Herkunftsland: Deutschland Hersteller: Lenze Gewicht: 13,2 kg Abmessungen: 400 \u00d7 220 \u00d7 270 mm Zustand: gebraucht, gepr\u00fcft, voll funktionsf\u00e4hig Preis ohne MwSt. Zusatzinformation: Eingang 400 V 50\/60 Hz, Ausgang 420 V 25,0 A und 310 V 3,5 A<\/p>","protected":false},"featured_media":10966,"comment_status":"closed","ping_status":"closed","template":"","meta":[],"product_brand":[],"product_cat":[375],"product_tag":[],"class_list":{"0":"post-10972","1":"product","2":"type-product","3":"status-publish","4":"has-post-thumbnail","6":"product_cat-antriebstechnik","8":"first","9":"instock","10":"taxable","11":"shipping-taxable","12":"purchasable","13":"product-type-simple"},"jetpack_sharing_enabled":true,"_links":{"self":[{"href":"https:\/\/shop.erdexim.de\/en\/wp-json\/wp\/v2\/product\/10972","targetHints":{"allow":["GET"]}}],"collection":[{"href":"https:\/\/shop.erdexim.de\/en\/wp-json\/wp\/v2\/product"}],"about":[{"href":"https:\/\/shop.erdexim.de\/en\/wp-json\/wp\/v2\/types\/product"}],"replies":[{"embeddable":true,"href":"https:\/\/shop.erdexim.de\/en\/wp-json\/wp\/v2\/comments?post=10972"}],"wp:featuredmedia":[{"embeddable":true,"href":"https:\/\/shop.erdexim.de\/en\/wp-json\/wp\/v2\/media\/10966"}],"wp:attachment":[{"href":"https:\/\/shop.erdexim.de\/en\/wp-json\/wp\/v2\/media?parent=10972"}],"wp:term":[{"taxonomy":"product_brand","embeddable":true,"href":"https:\/\/shop.erdexim.de\/en\/wp-json\/wp\/v2\/product_brand?post=10972"},{"taxonomy":"product_cat","embeddable":true,"href":"https:\/\/shop.erdexim.de\/en\/wp-json\/wp\/v2\/product_cat?post=10972"},{"taxonomy":"product_tag","embeddable":true,"href":"https:\/\/shop.erdexim.de\/en\/wp-json\/wp\/v2\/product_tag?post=10972"}],"curies":[{"name":"wp","href":"https:\/\/api.w.org\/{rel}","templated":true}]}}