{"id":11019,"date":"2026-03-24T19:25:48","date_gmt":"2026-03-24T18:25:48","guid":{"rendered":"https:\/\/shop.erdexim.de\/product\/sew-eurodrive-movitrac-b-frequenzumrichter-mc07b0011-5a3-4-00\/"},"modified":"2026-04-23T17:40:07","modified_gmt":"2026-04-23T15:40:07","slug":"sew-eurodrive-movitrac-b-frequenzumrichter-mc07b0011-5a3-4-00","status":"publish","type":"product","link":"https:\/\/shop.erdexim.de\/en\/product\/sew-eurodrive-movitrac-b-frequenzumrichter-mc07b0011-5a3-4-00\/","title":{"rendered":"SEW EURODRIVE MOVITRAC B Frequenzumrichter MC07B0011-5A3-4-00"},"content":{"rendered":"<p>Modell \/ Typ: MC07B0011-5A3-4-00<br \/>\nHerkunftsland: Deutschland<br \/>\nHersteller: SEW EURODRIVE<br \/>\nGewicht: 1,4 kg<br \/>\nAbmessungen: 140 \u00d7 220 \u00d7 80 mm<br \/>\nZustand: gebraucht, gepr\u00fcft, voll funktionsf\u00e4hig<br \/>\nPreis ohne MwSt.<br \/>\nZusatzinformation: Frequenzumrichter MOVITRAC B, Leistung 1,1 kW (1,5 HP), Eingang 3\u00d7380\u2013500 V, Ausgang bis 600 Hz<\/p>","protected":false},"excerpt":{"rendered":"<p>Modell \/ Typ: MC07B0011-5A3-4-00 Herkunftsland: Deutschland Hersteller: SEW EURODRIVE Gewicht: 1,4 kg Abmessungen: 140 \u00d7 220 \u00d7 80 mm Zustand: gebraucht, gepr\u00fcft, voll funktionsf\u00e4hig Preis ohne MwSt. Zusatzinformation: Frequenzumrichter MOVITRAC B, Leistung 1,1 kW (1,5 HP), Eingang 3\u00d7380\u2013500 V, Ausgang bis 600 Hz<\/p>","protected":false},"featured_media":11014,"comment_status":"closed","ping_status":"closed","template":"","meta":[],"product_brand":[],"product_cat":[375],"product_tag":[],"class_list":{"0":"post-11019","1":"product","2":"type-product","3":"status-publish","4":"has-post-thumbnail","6":"product_cat-antriebstechnik","8":"first","9":"instock","10":"taxable","11":"shipping-taxable","12":"purchasable","13":"product-type-simple"},"jetpack_sharing_enabled":true,"_links":{"self":[{"href":"https:\/\/shop.erdexim.de\/en\/wp-json\/wp\/v2\/product\/11019","targetHints":{"allow":["GET"]}}],"collection":[{"href":"https:\/\/shop.erdexim.de\/en\/wp-json\/wp\/v2\/product"}],"about":[{"href":"https:\/\/shop.erdexim.de\/en\/wp-json\/wp\/v2\/types\/product"}],"replies":[{"embeddable":true,"href":"https:\/\/shop.erdexim.de\/en\/wp-json\/wp\/v2\/comments?post=11019"}],"wp:featuredmedia":[{"embeddable":true,"href":"https:\/\/shop.erdexim.de\/en\/wp-json\/wp\/v2\/media\/11014"}],"wp:attachment":[{"href":"https:\/\/shop.erdexim.de\/en\/wp-json\/wp\/v2\/media?parent=11019"}],"wp:term":[{"taxonomy":"product_brand","embeddable":true,"href":"https:\/\/shop.erdexim.de\/en\/wp-json\/wp\/v2\/product_brand?post=11019"},{"taxonomy":"product_cat","embeddable":true,"href":"https:\/\/shop.erdexim.de\/en\/wp-json\/wp\/v2\/product_cat?post=11019"},{"taxonomy":"product_tag","embeddable":true,"href":"https:\/\/shop.erdexim.de\/en\/wp-json\/wp\/v2\/product_tag?post=11019"}],"curies":[{"name":"wp","href":"https:\/\/api.w.org\/{rel}","templated":true}]}}