{"id":11041,"date":"2026-03-24T19:25:55","date_gmt":"2026-03-24T18:25:55","guid":{"rendered":"https:\/\/shop.erdexim.de\/product\/sew-eurodrive-movidrive-umrichter-mdx60a0110-5a3-4-00\/"},"modified":"2026-03-30T18:55:01","modified_gmt":"2026-03-30T16:55:01","slug":"sew-eurodrive-movidrive-umrichter-mdx60a0110-5a3-4-00","status":"publish","type":"product","link":"https:\/\/shop.erdexim.de\/en\/product\/sew-eurodrive-movidrive-umrichter-mdx60a0110-5a3-4-00\/","title":{"rendered":"SEW EURODRIVE MOVIDRIVE Umrichter MDX60A0110-5A3-4-00"},"content":{"rendered":"<p>Modell \/ Typ: MDX60A0110-5A3-4-00<br \/>\nHerkunftsland: Deutschland<br \/>\nHersteller: SEW EURODRIVE<br \/>\nGewicht: 3,0 kg<br \/>\nAbmessungen: 390 \u00d7 130 \u00d7 130 mm<br \/>\nZustand: gebraucht, gepr\u00fcft, voll funktionsf\u00e4hig<br \/>\nPreis ohne MwSt.<br \/>\nZusatzinformation: MOVIDRIVE Umrichter, Leistungsklasse ca. 11 kW, Eingang 3\u00d7380\u2013500 V, industrieller Frequenzumrichter f\u00fcr leistungsstarke Antriebe<\/p>","protected":false},"excerpt":{"rendered":"<p>Modell \/ Typ: MDX60A0110-5A3-4-00 Herkunftsland: Deutschland Hersteller: SEW EURODRIVE Gewicht: 3,0 kg Abmessungen: 390 \u00d7 130 \u00d7 130 mm Zustand: gebraucht, gepr\u00fcft, voll funktionsf\u00e4hig Preis ohne MwSt. Zusatzinformation: MOVIDRIVE Umrichter, Leistungsklasse ca. 11 kW, Eingang 3\u00d7380\u2013500 V, industrieller Frequenzumrichter f\u00fcr leistungsstarke Antriebe<\/p>","protected":false},"featured_media":11037,"comment_status":"closed","ping_status":"closed","template":"","meta":[],"product_brand":[],"product_cat":[375],"product_tag":[],"class_list":{"0":"post-11041","1":"product","2":"type-product","3":"status-publish","4":"has-post-thumbnail","6":"product_cat-antriebstechnik","8":"first","9":"instock","10":"taxable","11":"shipping-taxable","12":"purchasable","13":"product-type-simple"},"jetpack_sharing_enabled":true,"_links":{"self":[{"href":"https:\/\/shop.erdexim.de\/en\/wp-json\/wp\/v2\/product\/11041","targetHints":{"allow":["GET"]}}],"collection":[{"href":"https:\/\/shop.erdexim.de\/en\/wp-json\/wp\/v2\/product"}],"about":[{"href":"https:\/\/shop.erdexim.de\/en\/wp-json\/wp\/v2\/types\/product"}],"replies":[{"embeddable":true,"href":"https:\/\/shop.erdexim.de\/en\/wp-json\/wp\/v2\/comments?post=11041"}],"wp:featuredmedia":[{"embeddable":true,"href":"https:\/\/shop.erdexim.de\/en\/wp-json\/wp\/v2\/media\/11037"}],"wp:attachment":[{"href":"https:\/\/shop.erdexim.de\/en\/wp-json\/wp\/v2\/media?parent=11041"}],"wp:term":[{"taxonomy":"product_brand","embeddable":true,"href":"https:\/\/shop.erdexim.de\/en\/wp-json\/wp\/v2\/product_brand?post=11041"},{"taxonomy":"product_cat","embeddable":true,"href":"https:\/\/shop.erdexim.de\/en\/wp-json\/wp\/v2\/product_cat?post=11041"},{"taxonomy":"product_tag","embeddable":true,"href":"https:\/\/shop.erdexim.de\/en\/wp-json\/wp\/v2\/product_tag?post=11041"}],"curies":[{"name":"wp","href":"https:\/\/api.w.org\/{rel}","templated":true}]}}