{"id":11087,"date":"2026-03-24T19:26:11","date_gmt":"2026-03-24T18:26:11","guid":{"rendered":"https:\/\/shop.erdexim.de\/product\/centaur-lueftereinheit-ct3b60d3\/"},"modified":"2026-04-27T15:34:03","modified_gmt":"2026-04-27T13:34:03","slug":"centaur-lueftereinheit-ct3b60d3","status":"publish","type":"product","link":"https:\/\/shop.erdexim.de\/en\/product\/centaur-lueftereinheit-ct3b60d3\/","title":{"rendered":"Centaur L\u00fcftereinheit CT3B60D3"},"content":{"rendered":"<p>Modell \/ Typ: CT3B60D3<br \/>\nHerkunftsland: Japan<br \/>\nHersteller: Japan Servo Co., Ltd.<br \/>\nGewicht: 0,2 kg<br \/>\nAbmessungen: 120 \u00d7 120 \u00d7 40 mm<br \/>\nZustand: gebraucht, gepr\u00fcft, voll funktionsf\u00e4hig<br \/>\nPreis ohne MwSt.<br \/>\nZusatzinformation: L\u00fcftereinheit 200V, 15\/13W, 50\/60Hz,<\/p>","protected":false},"excerpt":{"rendered":"<p>Modell \/ Typ: CT3B60D3 Herkunftsland: Japan Hersteller: Japan Servo Co., Ltd. Gewicht: 0,2 kg Abmessungen: 120 \u00d7 120 \u00d7 40 mm Zustand: gebraucht, gepr\u00fcft, voll funktionsf\u00e4hig Preis ohne MwSt. Zusatzinformation: L\u00fcftereinheit 200V, 15\/13W, 50\/60Hz,<\/p>","protected":false},"featured_media":11084,"comment_status":"closed","ping_status":"closed","template":"","meta":[],"product_brand":[],"product_cat":[374],"product_tag":[],"class_list":{"0":"post-11087","1":"product","2":"type-product","3":"status-publish","4":"has-post-thumbnail","6":"product_cat-steuerungstechnik","8":"first","9":"instock","10":"taxable","11":"shipping-taxable","12":"purchasable","13":"product-type-simple"},"jetpack_sharing_enabled":true,"_links":{"self":[{"href":"https:\/\/shop.erdexim.de\/en\/wp-json\/wp\/v2\/product\/11087","targetHints":{"allow":["GET"]}}],"collection":[{"href":"https:\/\/shop.erdexim.de\/en\/wp-json\/wp\/v2\/product"}],"about":[{"href":"https:\/\/shop.erdexim.de\/en\/wp-json\/wp\/v2\/types\/product"}],"replies":[{"embeddable":true,"href":"https:\/\/shop.erdexim.de\/en\/wp-json\/wp\/v2\/comments?post=11087"}],"wp:featuredmedia":[{"embeddable":true,"href":"https:\/\/shop.erdexim.de\/en\/wp-json\/wp\/v2\/media\/11084"}],"wp:attachment":[{"href":"https:\/\/shop.erdexim.de\/en\/wp-json\/wp\/v2\/media?parent=11087"}],"wp:term":[{"taxonomy":"product_brand","embeddable":true,"href":"https:\/\/shop.erdexim.de\/en\/wp-json\/wp\/v2\/product_brand?post=11087"},{"taxonomy":"product_cat","embeddable":true,"href":"https:\/\/shop.erdexim.de\/en\/wp-json\/wp\/v2\/product_cat?post=11087"},{"taxonomy":"product_tag","embeddable":true,"href":"https:\/\/shop.erdexim.de\/en\/wp-json\/wp\/v2\/product_tag?post=11087"}],"curies":[{"name":"wp","href":"https:\/\/api.w.org\/{rel}","templated":true}]}}