{"id":11111,"date":"2026-03-24T19:26:17","date_gmt":"2026-03-24T18:26:17","guid":{"rendered":"https:\/\/shop.erdexim.de\/product\/siemens-bedientafel-sinumerik-840d-op030-6fc5203-0ab00-0aa0\/"},"modified":"2026-03-30T18:55:23","modified_gmt":"2026-03-30T16:55:23","slug":"siemens-bedientafel-sinumerik-840d-op030-6fc5203-0ab00-0aa0","status":"publish","type":"product","link":"https:\/\/shop.erdexim.de\/en\/product\/siemens-bedientafel-sinumerik-840d-op030-6fc5203-0ab00-0aa0\/","title":{"rendered":"Siemens Bedientafel SINUMERIK 840D OP030 6FC5203-0AB00-0AA0"},"content":{"rendered":"<p>Modell \/ Typ: 6FC5203-0AB00-0AA0<br \/>\nHerkunftsland: Deutschland<br \/>\nHersteller: Siemens<br \/>\nGewicht: 2,0 kg<br \/>\nAbmessungen: 300 \u00d7 200 \u00d7 60 mm<br \/>\nZustand: gebraucht, gepr\u00fcft, voll funktionsf\u00e4hig<br \/>\nPreis ohne MwSt.<br \/>\nZusatzinformation: Bedientafel SINUMERIK 840D OP030, Version F, SW-Stand 3.7<\/p>","protected":false},"excerpt":{"rendered":"<p>Modell \/ Typ: 6FC5203-0AB00-0AA0 Herkunftsland: Deutschland Hersteller: Siemens Gewicht: 2,0 kg Abmessungen: 300 \u00d7 200 \u00d7 60 mm Zustand: gebraucht, gepr\u00fcft, voll funktionsf\u00e4hig Preis ohne MwSt. Zusatzinformation: Bedientafel SINUMERIK 840D OP030, Version F, SW-Stand 3.7<\/p>","protected":false},"featured_media":11107,"comment_status":"closed","ping_status":"closed","template":"","meta":[],"product_brand":[],"product_cat":[374],"product_tag":[],"class_list":{"0":"post-11111","1":"product","2":"type-product","3":"status-publish","4":"has-post-thumbnail","6":"product_cat-steuerungstechnik","8":"first","9":"instock","10":"taxable","11":"shipping-taxable","12":"purchasable","13":"product-type-simple"},"jetpack_sharing_enabled":true,"_links":{"self":[{"href":"https:\/\/shop.erdexim.de\/en\/wp-json\/wp\/v2\/product\/11111","targetHints":{"allow":["GET"]}}],"collection":[{"href":"https:\/\/shop.erdexim.de\/en\/wp-json\/wp\/v2\/product"}],"about":[{"href":"https:\/\/shop.erdexim.de\/en\/wp-json\/wp\/v2\/types\/product"}],"replies":[{"embeddable":true,"href":"https:\/\/shop.erdexim.de\/en\/wp-json\/wp\/v2\/comments?post=11111"}],"wp:featuredmedia":[{"embeddable":true,"href":"https:\/\/shop.erdexim.de\/en\/wp-json\/wp\/v2\/media\/11107"}],"wp:attachment":[{"href":"https:\/\/shop.erdexim.de\/en\/wp-json\/wp\/v2\/media?parent=11111"}],"wp:term":[{"taxonomy":"product_brand","embeddable":true,"href":"https:\/\/shop.erdexim.de\/en\/wp-json\/wp\/v2\/product_brand?post=11111"},{"taxonomy":"product_cat","embeddable":true,"href":"https:\/\/shop.erdexim.de\/en\/wp-json\/wp\/v2\/product_cat?post=11111"},{"taxonomy":"product_tag","embeddable":true,"href":"https:\/\/shop.erdexim.de\/en\/wp-json\/wp\/v2\/product_tag?post=11111"}],"curies":[{"name":"wp","href":"https:\/\/api.w.org\/{rel}","templated":true}]}}