{"id":11141,"date":"2026-03-24T19:26:26","date_gmt":"2026-03-24T18:26:26","guid":{"rendered":"https:\/\/shop.erdexim.de\/product\/mitsubishi-servo-drive-unit-mds-b-v2-3520\/"},"modified":"2026-04-13T13:35:23","modified_gmt":"2026-04-13T11:35:23","slug":"mitsubishi-servo-drive-unit-mds-b-v2-3520","status":"publish","type":"product","link":"https:\/\/shop.erdexim.de\/en\/product\/mitsubishi-servo-drive-unit-mds-b-v2-3520\/","title":{"rendered":"Mitsubishi Servo Drive Unit MDS-B-V2-3520"},"content":{"rendered":"<p>Modell \/ Typ: MDS-B-V2-3520<br \/>\nHerkunftsland: Japan<br \/>\nHersteller: Mitsubishi Electric<br \/>\nGewicht: 4,0 kg<br \/>\nAbmessungen: 400 \u00d7 350 \u00d7 100 mm<br \/>\nZustand: gebraucht, gepr\u00fcft, voll funktionsf\u00e4hig<br \/>\nPreis ohne MwSt.<br \/>\nZusatzinformation:<br \/>\nServo Drive Unit, Eingang DC270\u2013311V und AC200\u2013230V, Ausgang 3AC 16A \/ 13A, Hardware-Version G<\/p>","protected":false},"excerpt":{"rendered":"<p>Modell \/ Typ: MDS-B-V2-3520 Herkunftsland: Japan Hersteller: Mitsubishi Electric Gewicht: 4,0 kg Abmessungen: 400 \u00d7 350 \u00d7 100 mm Zustand: gebraucht, gepr\u00fcft, voll funktionsf\u00e4hig Preis ohne MwSt. Zusatzinformation: Servo Drive Unit, Eingang DC270\u2013311V und AC200\u2013230V, Ausgang 3AC 16A \/ 13A, Hardware-Version G<\/p>","protected":false},"featured_media":11137,"comment_status":"closed","ping_status":"closed","template":"","meta":[],"product_brand":[],"product_cat":[375],"product_tag":[],"class_list":{"0":"post-11141","1":"product","2":"type-product","3":"status-publish","4":"has-post-thumbnail","6":"product_cat-antriebstechnik","8":"first","9":"outofstock","10":"taxable","11":"shipping-taxable","12":"purchasable","13":"product-type-simple"},"jetpack_sharing_enabled":true,"_links":{"self":[{"href":"https:\/\/shop.erdexim.de\/en\/wp-json\/wp\/v2\/product\/11141","targetHints":{"allow":["GET"]}}],"collection":[{"href":"https:\/\/shop.erdexim.de\/en\/wp-json\/wp\/v2\/product"}],"about":[{"href":"https:\/\/shop.erdexim.de\/en\/wp-json\/wp\/v2\/types\/product"}],"replies":[{"embeddable":true,"href":"https:\/\/shop.erdexim.de\/en\/wp-json\/wp\/v2\/comments?post=11141"}],"wp:featuredmedia":[{"embeddable":true,"href":"https:\/\/shop.erdexim.de\/en\/wp-json\/wp\/v2\/media\/11137"}],"wp:attachment":[{"href":"https:\/\/shop.erdexim.de\/en\/wp-json\/wp\/v2\/media?parent=11141"}],"wp:term":[{"taxonomy":"product_brand","embeddable":true,"href":"https:\/\/shop.erdexim.de\/en\/wp-json\/wp\/v2\/product_brand?post=11141"},{"taxonomy":"product_cat","embeddable":true,"href":"https:\/\/shop.erdexim.de\/en\/wp-json\/wp\/v2\/product_cat?post=11141"},{"taxonomy":"product_tag","embeddable":true,"href":"https:\/\/shop.erdexim.de\/en\/wp-json\/wp\/v2\/product_tag?post=11141"}],"curies":[{"name":"wp","href":"https:\/\/api.w.org\/{rel}","templated":true}]}}