{"id":11157,"date":"2026-03-24T19:26:31","date_gmt":"2026-03-24T18:26:31","guid":{"rendered":"https:\/\/shop.erdexim.de\/product\/motor-control-unit-weidmueller-733\/"},"modified":"2026-03-24T18:26:32","modified_gmt":"2026-03-24T17:26:32","slug":"motor-control-unit-weidmueller-733","status":"publish","type":"product","link":"https:\/\/shop.erdexim.de\/en\/product\/motor-control-unit-weidmueller-733\/","title":{"rendered":"Motor Control Unit Weidm\u00fcller 733"},"content":{"rendered":"<p>Modell \/ Typ: 733<br \/>\nHerkunftsland: Deutschland<br \/>\nHersteller: Weidm\u00fcller<br \/>\nGewicht: 4,0 kg<br \/>\nAbmessungen: 450 \u00d7 360 \u00d7 150 mm<br \/>\nZustand: gebraucht, gepr\u00fcft, voll funktionsf\u00e4hig<br \/>\nPreis ohne MwSt.<br \/>\nZusatzinformation: Motor Control Unit mit integrierten Modulen Motor Logic, Sensor Unit und Power Control, geeignet f\u00fcr industrielle Steuerungssysteme<\/p>","protected":false},"excerpt":{"rendered":"<p>Modell \/ Typ: 733 Herkunftsland: Deutschland Hersteller: Weidm\u00fcller Gewicht: 4,0 kg Abmessungen: 450 \u00d7 360 \u00d7 150 mm Zustand: gebraucht, gepr\u00fcft, voll funktionsf\u00e4hig Preis ohne MwSt. Zusatzinformation: Motor Control Unit mit integrierten Modulen Motor Logic, Sensor Unit und Power Control, geeignet f\u00fcr industrielle Steuerungssysteme<\/p>","protected":false},"featured_media":11152,"comment_status":"closed","ping_status":"closed","template":"","meta":[],"product_brand":[],"product_cat":[374],"product_tag":[],"class_list":{"0":"post-11157","1":"product","2":"type-product","3":"status-publish","4":"has-post-thumbnail","6":"product_cat-steuerungstechnik","8":"first","9":"instock","10":"taxable","11":"shipping-taxable","12":"purchasable","13":"product-type-simple"},"jetpack_sharing_enabled":true,"_links":{"self":[{"href":"https:\/\/shop.erdexim.de\/en\/wp-json\/wp\/v2\/product\/11157","targetHints":{"allow":["GET"]}}],"collection":[{"href":"https:\/\/shop.erdexim.de\/en\/wp-json\/wp\/v2\/product"}],"about":[{"href":"https:\/\/shop.erdexim.de\/en\/wp-json\/wp\/v2\/types\/product"}],"replies":[{"embeddable":true,"href":"https:\/\/shop.erdexim.de\/en\/wp-json\/wp\/v2\/comments?post=11157"}],"wp:featuredmedia":[{"embeddable":true,"href":"https:\/\/shop.erdexim.de\/en\/wp-json\/wp\/v2\/media\/11152"}],"wp:attachment":[{"href":"https:\/\/shop.erdexim.de\/en\/wp-json\/wp\/v2\/media?parent=11157"}],"wp:term":[{"taxonomy":"product_brand","embeddable":true,"href":"https:\/\/shop.erdexim.de\/en\/wp-json\/wp\/v2\/product_brand?post=11157"},{"taxonomy":"product_cat","embeddable":true,"href":"https:\/\/shop.erdexim.de\/en\/wp-json\/wp\/v2\/product_cat?post=11157"},{"taxonomy":"product_tag","embeddable":true,"href":"https:\/\/shop.erdexim.de\/en\/wp-json\/wp\/v2\/product_tag?post=11157"}],"curies":[{"name":"wp","href":"https:\/\/api.w.org\/{rel}","templated":true}]}}