{"id":11176,"date":"2026-03-24T19:26:38","date_gmt":"2026-03-24T18:26:38","guid":{"rendered":"https:\/\/shop.erdexim.de\/product\/bosch-sm-25-50-tc1-065670-104\/"},"modified":"2026-03-30T18:55:42","modified_gmt":"2026-03-30T16:55:42","slug":"bosch-sm-25-50-tc1-065670-104","status":"publish","type":"product","link":"https:\/\/shop.erdexim.de\/en\/product\/bosch-sm-25-50-tc1-065670-104\/","title":{"rendered":"Bosch SM 25\/50-TC1 065670-104"},"content":{"rendered":"<p>Modell \/ Typ: SM 25\/50-TC1<br \/>\nHerkunftsland: Deutschland<br \/>\nHersteller: Bosch<br \/>\nGewicht: 4,0 kg<br \/>\nAbmessungen: 500 \u00d7 350 \u00d7 70 mm<br \/>\nZustand: gebraucht, gepr\u00fcft, voll funktionsf\u00e4hig<br \/>\nPreis ohne MwSt.<br \/>\nZusatzinformation: Bosch Leistungsmodul mit der Nummer 065670-104, DC 520V 25A, Seriennummer 000803532, geeignet f\u00fcr industrielle Antriebssysteme und Steuerungen<\/p>","protected":false},"excerpt":{"rendered":"<p>Modell \/ Typ: SM 25\/50-TC1 Herkunftsland: Deutschland Hersteller: Bosch Gewicht: 4,0 kg Abmessungen: 500 \u00d7 350 \u00d7 70 mm Zustand: gebraucht, gepr\u00fcft, voll funktionsf\u00e4hig Preis ohne MwSt. Zusatzinformation: Bosch Leistungsmodul mit der Nummer 065670-104, DC 520V 25A, Seriennummer 000803532, geeignet f\u00fcr industrielle Antriebssysteme und Steuerungen<\/p>","protected":false},"featured_media":11171,"comment_status":"closed","ping_status":"closed","template":"","meta":[],"product_brand":[],"product_cat":[375],"product_tag":[],"class_list":{"0":"post-11176","1":"product","2":"type-product","3":"status-publish","4":"has-post-thumbnail","6":"product_cat-antriebstechnik","8":"first","9":"instock","10":"taxable","11":"shipping-taxable","12":"purchasable","13":"product-type-simple"},"jetpack_sharing_enabled":true,"_links":{"self":[{"href":"https:\/\/shop.erdexim.de\/en\/wp-json\/wp\/v2\/product\/11176","targetHints":{"allow":["GET"]}}],"collection":[{"href":"https:\/\/shop.erdexim.de\/en\/wp-json\/wp\/v2\/product"}],"about":[{"href":"https:\/\/shop.erdexim.de\/en\/wp-json\/wp\/v2\/types\/product"}],"replies":[{"embeddable":true,"href":"https:\/\/shop.erdexim.de\/en\/wp-json\/wp\/v2\/comments?post=11176"}],"wp:featuredmedia":[{"embeddable":true,"href":"https:\/\/shop.erdexim.de\/en\/wp-json\/wp\/v2\/media\/11171"}],"wp:attachment":[{"href":"https:\/\/shop.erdexim.de\/en\/wp-json\/wp\/v2\/media?parent=11176"}],"wp:term":[{"taxonomy":"product_brand","embeddable":true,"href":"https:\/\/shop.erdexim.de\/en\/wp-json\/wp\/v2\/product_brand?post=11176"},{"taxonomy":"product_cat","embeddable":true,"href":"https:\/\/shop.erdexim.de\/en\/wp-json\/wp\/v2\/product_cat?post=11176"},{"taxonomy":"product_tag","embeddable":true,"href":"https:\/\/shop.erdexim.de\/en\/wp-json\/wp\/v2\/product_tag?post=11176"}],"curies":[{"name":"wp","href":"https:\/\/api.w.org\/{rel}","templated":true}]}}