{"id":11200,"date":"2026-03-24T19:26:43","date_gmt":"2026-03-24T18:26:43","guid":{"rendered":"https:\/\/shop.erdexim.de\/product\/elan-sicherheitsschaltgeraet-go-1-typ-srbf-s1\/"},"modified":"2026-04-23T17:40:58","modified_gmt":"2026-04-23T15:40:58","slug":"elan-sicherheitsschaltgeraet-go-1-typ-srbf-s1","status":"publish","type":"product","link":"https:\/\/shop.erdexim.de\/en\/product\/elan-sicherheitsschaltgeraet-go-1-typ-srbf-s1\/","title":{"rendered":"Elan Sicherheitsschaltger\u00e4t GO-1 Typ SRBF S1"},"content":{"rendered":"<p>Modell \/ Typ: GO-1 Typ SRBF S1<br \/>\nHerkunftsland: Deutschland<br \/>\nHersteller: Elan Schaltelemente GmbH<br \/>\nGewicht: 0,1 kg<br \/>\nAbmessungen: 220 \u00d7 160 \u00d7 40 mm<br \/>\nZustand: gebraucht, gepr\u00fcft, voll funktionsf\u00e4hig<br \/>\nPreis ohne MwSt.<br \/>\nZusatzinformation: Sicherheitsschaltger\u00e4t mit Bemessungsbetriebsspannung 24 VDC, Bemessungsstrom 180 mA, Schaltleistung DC13 24V \/ 6A und AC15 230V \/ 6A, Schutzart Klemmen IP20 und Geh\u00e4use IP40, elektrische Lebensdauer bis zu 10\u2076 Schaltspiele, geeignet f\u00fcr industrielle Sicherheitsanwendungen<\/p>","protected":false},"excerpt":{"rendered":"<p>Modell \/ Typ: GO-1 Typ SRBF S1 Herkunftsland: Deutschland Hersteller: Elan Schaltelemente GmbH Gewicht: 0,1 kg Abmessungen: 220 \u00d7 160 \u00d7 40 mm Zustand: gebraucht, gepr\u00fcft, voll funktionsf\u00e4hig Preis ohne MwSt. Zusatzinformation: Sicherheitsschaltger\u00e4t mit Bemessungsbetriebsspannung 24 VDC, Bemessungsstrom 180 mA, Schaltleistung DC13 24V \/ 6A und AC15 230V \/ 6A, Schutzart Klemmen IP20 und Geh\u00e4use<\/p>\n<div class=\"klb-readmore button\"><a class=\"btn link\" href=\"https:\/\/shop.erdexim.de\/en\/product\/elan-sicherheitsschaltgeraet-go-1-typ-srbf-s1\/\">Read More <i class=\"klbth-icon-right-arrow\"><\/i><\/a><\/div>","protected":false},"featured_media":11195,"comment_status":"closed","ping_status":"closed","template":"","meta":[],"product_brand":[],"product_cat":[374],"product_tag":[],"class_list":{"0":"post-11200","1":"product","2":"type-product","3":"status-publish","4":"has-post-thumbnail","6":"product_cat-steuerungstechnik","8":"first","9":"instock","10":"taxable","11":"shipping-taxable","12":"purchasable","13":"product-type-simple"},"jetpack_sharing_enabled":true,"_links":{"self":[{"href":"https:\/\/shop.erdexim.de\/en\/wp-json\/wp\/v2\/product\/11200","targetHints":{"allow":["GET"]}}],"collection":[{"href":"https:\/\/shop.erdexim.de\/en\/wp-json\/wp\/v2\/product"}],"about":[{"href":"https:\/\/shop.erdexim.de\/en\/wp-json\/wp\/v2\/types\/product"}],"replies":[{"embeddable":true,"href":"https:\/\/shop.erdexim.de\/en\/wp-json\/wp\/v2\/comments?post=11200"}],"wp:featuredmedia":[{"embeddable":true,"href":"https:\/\/shop.erdexim.de\/en\/wp-json\/wp\/v2\/media\/11195"}],"wp:attachment":[{"href":"https:\/\/shop.erdexim.de\/en\/wp-json\/wp\/v2\/media?parent=11200"}],"wp:term":[{"taxonomy":"product_brand","embeddable":true,"href":"https:\/\/shop.erdexim.de\/en\/wp-json\/wp\/v2\/product_brand?post=11200"},{"taxonomy":"product_cat","embeddable":true,"href":"https:\/\/shop.erdexim.de\/en\/wp-json\/wp\/v2\/product_cat?post=11200"},{"taxonomy":"product_tag","embeddable":true,"href":"https:\/\/shop.erdexim.de\/en\/wp-json\/wp\/v2\/product_tag?post=11200"}],"curies":[{"name":"wp","href":"https:\/\/api.w.org\/{rel}","templated":true}]}}