{"id":11229,"date":"2026-03-24T19:26:51","date_gmt":"2026-03-24T18:26:51","guid":{"rendered":"https:\/\/shop.erdexim.de\/product\/bosch-steuerungseinheit-e-a-modul-rack-system\/"},"modified":"2026-03-24T18:26:52","modified_gmt":"2026-03-24T17:26:52","slug":"bosch-steuerungseinheit-e-a-modul-rack-system","status":"publish","type":"product","link":"https:\/\/shop.erdexim.de\/en\/product\/bosch-steuerungseinheit-e-a-modul-rack-system\/","title":{"rendered":"Bosch Steuerungseinheit E\/A Modul Rack System"},"content":{"rendered":"<p>Bosch Steuerungseinheit E\/A Modul Rack System<br \/>\nModell \/ Typ: E\/A Rack System (inkl. Battery-Pack 3.6V 4.0Ah, ID Nr. 143220 A)<br \/>\nHerkunftsland: Deutschland<br \/>\nHersteller: Bosch<br \/>\nGewicht: 14,0 kg<br \/>\nAbmessungen: 450 \u00d7 400 \u00d7 220 mm<br \/>\nZustand: gebraucht, gepr\u00fcft, voll funktionsf\u00e4hig<br \/>\nPreis ohne MwSt.<br \/>\nZusatzinformation: Industrielles Steuerungsrack mit mehreren E\/A-Modulen, Schnittstellen (INPUT\/OUTPUT), integrierten Sicherungen sowie Battery-Pack 3.6V 4.0Ah zur Datensicherung; geeignet f\u00fcr CNC- und Automatisierungssysteme<\/p>","protected":false},"excerpt":{"rendered":"<p>Bosch Steuerungseinheit E\/A Modul Rack System Modell \/ Typ: E\/A Rack System (inkl. Battery-Pack 3.6V 4.0Ah, ID Nr. 143220 A) Herkunftsland: Deutschland Hersteller: Bosch Gewicht: 14,0 kg Abmessungen: 450 \u00d7 400 \u00d7 220 mm Zustand: gebraucht, gepr\u00fcft, voll funktionsf\u00e4hig Preis ohne MwSt. Zusatzinformation: Industrielles Steuerungsrack mit mehreren E\/A-Modulen, Schnittstellen (INPUT\/OUTPUT), integrierten Sicherungen sowie Battery-Pack 3.6V<\/p>\n<div class=\"klb-readmore button\"><a class=\"btn link\" href=\"https:\/\/shop.erdexim.de\/en\/product\/bosch-steuerungseinheit-e-a-modul-rack-system\/\">Read More <i class=\"klbth-icon-right-arrow\"><\/i><\/a><\/div>","protected":false},"featured_media":11225,"comment_status":"closed","ping_status":"closed","template":"","meta":[],"product_brand":[],"product_cat":[374],"product_tag":[],"class_list":{"0":"post-11229","1":"product","2":"type-product","3":"status-publish","4":"has-post-thumbnail","6":"product_cat-steuerungstechnik","8":"first","9":"instock","10":"taxable","11":"shipping-taxable","12":"purchasable","13":"product-type-simple"},"jetpack_sharing_enabled":true,"_links":{"self":[{"href":"https:\/\/shop.erdexim.de\/en\/wp-json\/wp\/v2\/product\/11229","targetHints":{"allow":["GET"]}}],"collection":[{"href":"https:\/\/shop.erdexim.de\/en\/wp-json\/wp\/v2\/product"}],"about":[{"href":"https:\/\/shop.erdexim.de\/en\/wp-json\/wp\/v2\/types\/product"}],"replies":[{"embeddable":true,"href":"https:\/\/shop.erdexim.de\/en\/wp-json\/wp\/v2\/comments?post=11229"}],"wp:featuredmedia":[{"embeddable":true,"href":"https:\/\/shop.erdexim.de\/en\/wp-json\/wp\/v2\/media\/11225"}],"wp:attachment":[{"href":"https:\/\/shop.erdexim.de\/en\/wp-json\/wp\/v2\/media?parent=11229"}],"wp:term":[{"taxonomy":"product_brand","embeddable":true,"href":"https:\/\/shop.erdexim.de\/en\/wp-json\/wp\/v2\/product_brand?post=11229"},{"taxonomy":"product_cat","embeddable":true,"href":"https:\/\/shop.erdexim.de\/en\/wp-json\/wp\/v2\/product_cat?post=11229"},{"taxonomy":"product_tag","embeddable":true,"href":"https:\/\/shop.erdexim.de\/en\/wp-json\/wp\/v2\/product_tag?post=11229"}],"curies":[{"name":"wp","href":"https:\/\/api.w.org\/{rel}","templated":true}]}}