{"id":11235,"date":"2026-03-24T19:26:53","date_gmt":"2026-03-24T18:26:53","guid":{"rendered":"https:\/\/shop.erdexim.de\/product\/nsk-servoantrieb-m-esb-ysb4080ab502\/"},"modified":"2026-04-23T17:41:06","modified_gmt":"2026-04-23T15:41:06","slug":"nsk-servoantrieb-m-esb-ysb4080ab502","status":"publish","type":"product","link":"https:\/\/shop.erdexim.de\/en\/product\/nsk-servoantrieb-m-esb-ysb4080ab502\/","title":{"rendered":"NSK Servoantrieb M-ESB-YSB4080AB502"},"content":{"rendered":"<p>Modell \/ Typ: M-ESB-YSB4080AB502<br \/>\nHerkunftsland: Japan<br \/>\nHersteller: NSK<br \/>\nGewicht: 0,2 kg<br \/>\nAbmessungen: 200 \u00d7 200 \u00d7 100 mm<br \/>\nZustand: gebraucht, gepr\u00fcft, voll funktionsf\u00e4hig<br \/>\nPreis ohne MwSt.<br \/>\nZusatzinformation: Servoantrieb \/ Steuerungseinheit f\u00fcr industrielle Anwendungen; Eingang 200\u2013230V 1~ (50\/60Hz), Ausgang 200\u2013280V 3~, Leistung 0,25 kW, Frequenzbereich bis 150 Hz<\/p>","protected":false},"excerpt":{"rendered":"<p>Modell \/ Typ: M-ESB-YSB4080AB502 Herkunftsland: Japan Hersteller: NSK Gewicht: 0,2 kg Abmessungen: 200 \u00d7 200 \u00d7 100 mm Zustand: gebraucht, gepr\u00fcft, voll funktionsf\u00e4hig Preis ohne MwSt. Zusatzinformation: Servoantrieb \/ Steuerungseinheit f\u00fcr industrielle Anwendungen; Eingang 200\u2013230V 1~ (50\/60Hz), Ausgang 200\u2013280V 3~, Leistung 0,25 kW, Frequenzbereich bis 150 Hz<\/p>","protected":false},"featured_media":11230,"comment_status":"closed","ping_status":"closed","template":"","meta":[],"product_brand":[],"product_cat":[375],"product_tag":[],"class_list":{"0":"post-11235","1":"product","2":"type-product","3":"status-publish","4":"has-post-thumbnail","6":"product_cat-antriebstechnik","8":"first","9":"instock","10":"taxable","11":"shipping-taxable","12":"purchasable","13":"product-type-simple"},"jetpack_sharing_enabled":true,"_links":{"self":[{"href":"https:\/\/shop.erdexim.de\/en\/wp-json\/wp\/v2\/product\/11235","targetHints":{"allow":["GET"]}}],"collection":[{"href":"https:\/\/shop.erdexim.de\/en\/wp-json\/wp\/v2\/product"}],"about":[{"href":"https:\/\/shop.erdexim.de\/en\/wp-json\/wp\/v2\/types\/product"}],"replies":[{"embeddable":true,"href":"https:\/\/shop.erdexim.de\/en\/wp-json\/wp\/v2\/comments?post=11235"}],"wp:featuredmedia":[{"embeddable":true,"href":"https:\/\/shop.erdexim.de\/en\/wp-json\/wp\/v2\/media\/11230"}],"wp:attachment":[{"href":"https:\/\/shop.erdexim.de\/en\/wp-json\/wp\/v2\/media?parent=11235"}],"wp:term":[{"taxonomy":"product_brand","embeddable":true,"href":"https:\/\/shop.erdexim.de\/en\/wp-json\/wp\/v2\/product_brand?post=11235"},{"taxonomy":"product_cat","embeddable":true,"href":"https:\/\/shop.erdexim.de\/en\/wp-json\/wp\/v2\/product_cat?post=11235"},{"taxonomy":"product_tag","embeddable":true,"href":"https:\/\/shop.erdexim.de\/en\/wp-json\/wp\/v2\/product_tag?post=11235"}],"curies":[{"name":"wp","href":"https:\/\/api.w.org\/{rel}","templated":true}]}}