{"id":11252,"date":"2026-03-24T19:26:58","date_gmt":"2026-03-24T18:26:58","guid":{"rendered":"https:\/\/shop.erdexim.de\/product\/mitsubishi-remote-i-o-unit-fcua-dx101\/"},"modified":"2026-04-15T14:03:49","modified_gmt":"2026-04-15T12:03:49","slug":"mitsubishi-remote-i-o-unit-fcua-dx101","status":"publish","type":"product","link":"https:\/\/shop.erdexim.de\/en\/product\/mitsubishi-remote-i-o-unit-fcua-dx101\/","title":{"rendered":"Mitsubishi Remote I\/O Unit FCUA-DX101"},"content":{"rendered":"<p>Modell \/ Typ: FCUA-DX101<br \/>\nHerkunftsland: Japan<br \/>\nHersteller: Mitsubishi Electric<br \/>\nGewicht: 0,1 kg<br \/>\nAbmessungen: 170 \u00d7 140 \u00d7 50 mm<br \/>\nZustand: gebraucht, gepr\u00fcft, voll funktionsf\u00e4hig<br \/>\nPreis ohne MwSt.<br \/>\nZusatzinformation: Remote I\/O Modul f\u00fcr industrielle Steuerungssysteme, Versorgung 24V DC, zur Erweiterung von Ein- und Ausg\u00e4ngen in Automatisierungs- und CNC-Anlagen<\/p>","protected":false},"excerpt":{"rendered":"<p>Modell \/ Typ: FCUA-DX101 Herkunftsland: Japan Hersteller: Mitsubishi Electric Gewicht: 0,1 kg Abmessungen: 170 \u00d7 140 \u00d7 50 mm Zustand: gebraucht, gepr\u00fcft, voll funktionsf\u00e4hig Preis ohne MwSt. Zusatzinformation: Remote I\/O Modul f\u00fcr industrielle Steuerungssysteme, Versorgung 24V DC, zur Erweiterung von Ein- und Ausg\u00e4ngen in Automatisierungs- und CNC-Anlagen<\/p>","protected":false},"featured_media":11246,"comment_status":"closed","ping_status":"closed","template":"","meta":[],"product_brand":[],"product_cat":[374],"product_tag":[],"class_list":{"0":"post-11252","1":"product","2":"type-product","3":"status-publish","4":"has-post-thumbnail","6":"product_cat-steuerungstechnik","8":"first","9":"instock","10":"taxable","11":"shipping-taxable","12":"purchasable","13":"product-type-simple"},"jetpack_sharing_enabled":true,"_links":{"self":[{"href":"https:\/\/shop.erdexim.de\/en\/wp-json\/wp\/v2\/product\/11252","targetHints":{"allow":["GET"]}}],"collection":[{"href":"https:\/\/shop.erdexim.de\/en\/wp-json\/wp\/v2\/product"}],"about":[{"href":"https:\/\/shop.erdexim.de\/en\/wp-json\/wp\/v2\/types\/product"}],"replies":[{"embeddable":true,"href":"https:\/\/shop.erdexim.de\/en\/wp-json\/wp\/v2\/comments?post=11252"}],"wp:featuredmedia":[{"embeddable":true,"href":"https:\/\/shop.erdexim.de\/en\/wp-json\/wp\/v2\/media\/11246"}],"wp:attachment":[{"href":"https:\/\/shop.erdexim.de\/en\/wp-json\/wp\/v2\/media?parent=11252"}],"wp:term":[{"taxonomy":"product_brand","embeddable":true,"href":"https:\/\/shop.erdexim.de\/en\/wp-json\/wp\/v2\/product_brand?post=11252"},{"taxonomy":"product_cat","embeddable":true,"href":"https:\/\/shop.erdexim.de\/en\/wp-json\/wp\/v2\/product_cat?post=11252"},{"taxonomy":"product_tag","embeddable":true,"href":"https:\/\/shop.erdexim.de\/en\/wp-json\/wp\/v2\/product_tag?post=11252"}],"curies":[{"name":"wp","href":"https:\/\/api.w.org\/{rel}","templated":true}]}}