{"id":11264,"date":"2026-03-24T19:27:02","date_gmt":"2026-03-24T18:27:02","guid":{"rendered":"https:\/\/shop.erdexim.de\/product\/mitsubishi-dio-unit-fcu6-dx221\/"},"modified":"2026-04-15T14:03:53","modified_gmt":"2026-04-15T12:03:53","slug":"mitsubishi-dio-unit-fcu6-dx221","status":"publish","type":"product","link":"https:\/\/shop.erdexim.de\/en\/product\/mitsubishi-dio-unit-fcu6-dx221\/","title":{"rendered":"Mitsubishi DIO Unit FCU6-DX221"},"content":{"rendered":"<p>Modell \/ Typ: FCU6-DX221<br \/>\nHerkunftsland: Japan<br \/>\nHersteller: Mitsubishi Electric<br \/>\nGewicht: 0,1 kg<br \/>\nAbmessungen: 200 \u00d7 150 \u00d7 60 mm<br \/>\nZustand: gebraucht, gepr\u00fcft, voll funktionsf\u00e4hig<br \/>\nPreis ohne MwSt.<br \/>\nZusatzinformation: Digital I\/O Modul f\u00fcr industrielle Steuerungssysteme, Versorgung 24V DC, Stromaufnahme 4,8A, zur Erweiterung von Ein- und Ausg\u00e4ngen in CNC- und Automatisierungsanlagen<\/p>","protected":false},"excerpt":{"rendered":"<p>Modell \/ Typ: FCU6-DX221 Herkunftsland: Japan Hersteller: Mitsubishi Electric Gewicht: 0,1 kg Abmessungen: 200 \u00d7 150 \u00d7 60 mm Zustand: gebraucht, gepr\u00fcft, voll funktionsf\u00e4hig Preis ohne MwSt. Zusatzinformation: Digital I\/O Modul f\u00fcr industrielle Steuerungssysteme, Versorgung 24V DC, Stromaufnahme 4,8A, zur Erweiterung von Ein- und Ausg\u00e4ngen in CNC- und Automatisierungsanlagen<\/p>","protected":false},"featured_media":11260,"comment_status":"closed","ping_status":"closed","template":"","meta":[],"product_brand":[],"product_cat":[374],"product_tag":[],"class_list":{"0":"post-11264","1":"product","2":"type-product","3":"status-publish","4":"has-post-thumbnail","6":"product_cat-steuerungstechnik","8":"first","9":"instock","10":"taxable","11":"shipping-taxable","12":"purchasable","13":"product-type-simple"},"jetpack_sharing_enabled":true,"_links":{"self":[{"href":"https:\/\/shop.erdexim.de\/en\/wp-json\/wp\/v2\/product\/11264","targetHints":{"allow":["GET"]}}],"collection":[{"href":"https:\/\/shop.erdexim.de\/en\/wp-json\/wp\/v2\/product"}],"about":[{"href":"https:\/\/shop.erdexim.de\/en\/wp-json\/wp\/v2\/types\/product"}],"replies":[{"embeddable":true,"href":"https:\/\/shop.erdexim.de\/en\/wp-json\/wp\/v2\/comments?post=11264"}],"wp:featuredmedia":[{"embeddable":true,"href":"https:\/\/shop.erdexim.de\/en\/wp-json\/wp\/v2\/media\/11260"}],"wp:attachment":[{"href":"https:\/\/shop.erdexim.de\/en\/wp-json\/wp\/v2\/media?parent=11264"}],"wp:term":[{"taxonomy":"product_brand","embeddable":true,"href":"https:\/\/shop.erdexim.de\/en\/wp-json\/wp\/v2\/product_brand?post=11264"},{"taxonomy":"product_cat","embeddable":true,"href":"https:\/\/shop.erdexim.de\/en\/wp-json\/wp\/v2\/product_cat?post=11264"},{"taxonomy":"product_tag","embeddable":true,"href":"https:\/\/shop.erdexim.de\/en\/wp-json\/wp\/v2\/product_tag?post=11264"}],"curies":[{"name":"wp","href":"https:\/\/api.w.org\/{rel}","templated":true}]}}