{"id":11287,"date":"2026-03-24T19:27:09","date_gmt":"2026-03-24T18:27:09","guid":{"rendered":"https:\/\/shop.erdexim.de\/product\/vipa-cpu-214-1bc02\/"},"modified":"2026-04-15T14:04:00","modified_gmt":"2026-04-15T12:04:00","slug":"vipa-cpu-214-1bc02","status":"publish","type":"product","link":"https:\/\/shop.erdexim.de\/en\/product\/vipa-cpu-214-1bc02\/","title":{"rendered":"VIPA CPU 214-1BC02"},"content":{"rendered":"<p>Modell \/ Typ: 214-1BC02<br \/>\nHerkunftsland: Deutschland<br \/>\nHersteller: VIPA<br \/>\nGewicht: 0,1 kg<br \/>\nAbmessungen: 80 \u00d7 80 \u00d7 30 mm<br \/>\nZustand: gebraucht, gepr\u00fcft, voll funktionsf\u00e4hig<br \/>\nPreis ohne MwSt.<br \/>\nZusatzinformation: Kompakte CPU f\u00fcr SPS-Steuerungen, kompatibel mit Siemens S7-200 Systemen, integrierte Ein- und Ausg\u00e4nge, geeignet f\u00fcr industrielle Automatisierungsaufgaben<\/p>","protected":false},"excerpt":{"rendered":"<p>Modell \/ Typ: 214-1BC02 Herkunftsland: Deutschland Hersteller: VIPA Gewicht: 0,1 kg Abmessungen: 80 \u00d7 80 \u00d7 30 mm Zustand: gebraucht, gepr\u00fcft, voll funktionsf\u00e4hig Preis ohne MwSt. Zusatzinformation: Kompakte CPU f\u00fcr SPS-Steuerungen, kompatibel mit Siemens S7-200 Systemen, integrierte Ein- und Ausg\u00e4nge, geeignet f\u00fcr industrielle Automatisierungsaufgaben<\/p>","protected":false},"featured_media":11282,"comment_status":"closed","ping_status":"closed","template":"","meta":[],"product_brand":[],"product_cat":[374],"product_tag":[],"class_list":{"0":"post-11287","1":"product","2":"type-product","3":"status-publish","4":"has-post-thumbnail","6":"product_cat-steuerungstechnik","8":"first","9":"instock","10":"taxable","11":"shipping-taxable","12":"purchasable","13":"product-type-simple"},"jetpack_sharing_enabled":true,"_links":{"self":[{"href":"https:\/\/shop.erdexim.de\/en\/wp-json\/wp\/v2\/product\/11287","targetHints":{"allow":["GET"]}}],"collection":[{"href":"https:\/\/shop.erdexim.de\/en\/wp-json\/wp\/v2\/product"}],"about":[{"href":"https:\/\/shop.erdexim.de\/en\/wp-json\/wp\/v2\/types\/product"}],"replies":[{"embeddable":true,"href":"https:\/\/shop.erdexim.de\/en\/wp-json\/wp\/v2\/comments?post=11287"}],"wp:featuredmedia":[{"embeddable":true,"href":"https:\/\/shop.erdexim.de\/en\/wp-json\/wp\/v2\/media\/11282"}],"wp:attachment":[{"href":"https:\/\/shop.erdexim.de\/en\/wp-json\/wp\/v2\/media?parent=11287"}],"wp:term":[{"taxonomy":"product_brand","embeddable":true,"href":"https:\/\/shop.erdexim.de\/en\/wp-json\/wp\/v2\/product_brand?post=11287"},{"taxonomy":"product_cat","embeddable":true,"href":"https:\/\/shop.erdexim.de\/en\/wp-json\/wp\/v2\/product_cat?post=11287"},{"taxonomy":"product_tag","embeddable":true,"href":"https:\/\/shop.erdexim.de\/en\/wp-json\/wp\/v2\/product_tag?post=11287"}],"curies":[{"name":"wp","href":"https:\/\/api.w.org\/{rel}","templated":true}]}}