{"id":11293,"date":"2026-03-24T19:27:11","date_gmt":"2026-03-24T18:27:11","guid":{"rendered":"https:\/\/shop.erdexim.de\/product\/vipa-modul-221-1bh30\/"},"modified":"2026-04-15T14:04:01","modified_gmt":"2026-04-15T12:04:01","slug":"vipa-modul-221-1bh30","status":"publish","type":"product","link":"https:\/\/shop.erdexim.de\/en\/product\/vipa-modul-221-1bh30\/","title":{"rendered":"VIPA Modul 221-1BH30"},"content":{"rendered":"<p>Modell \/ Typ: 221-1BH30<br \/>\nHerkunftsland: Deutschland<br \/>\nHersteller: VIPA<br \/>\nGewicht: 0,1 kg<br \/>\nAbmessungen: 80 \u00d7 80 \u00d7 30 mm<br \/>\nZustand: gebraucht, gepr\u00fcft, voll funktionsf\u00e4hig<br \/>\nPreis ohne MwSt.<br \/>\nZusatzinformation: Digitales Eingangsmodul f\u00fcr SPS-Steuerungen, kompatibel mit Siemens S7-Systemen, geeignet zur Erweiterung von Steuerungssystemen in industriellen Anwendungen<\/p>","protected":false},"excerpt":{"rendered":"<p>Modell \/ Typ: 221-1BH30 Herkunftsland: Deutschland Hersteller: VIPA Gewicht: 0,1 kg Abmessungen: 80 \u00d7 80 \u00d7 30 mm Zustand: gebraucht, gepr\u00fcft, voll funktionsf\u00e4hig Preis ohne MwSt. Zusatzinformation: Digitales Eingangsmodul f\u00fcr SPS-Steuerungen, kompatibel mit Siemens S7-Systemen, geeignet zur Erweiterung von Steuerungssystemen in industriellen Anwendungen<\/p>","protected":false},"featured_media":11288,"comment_status":"closed","ping_status":"closed","template":"","meta":[],"product_brand":[],"product_cat":[374],"product_tag":[],"class_list":{"0":"post-11293","1":"product","2":"type-product","3":"status-publish","4":"has-post-thumbnail","6":"product_cat-steuerungstechnik","8":"first","9":"instock","10":"taxable","11":"shipping-taxable","12":"purchasable","13":"product-type-simple"},"jetpack_sharing_enabled":true,"_links":{"self":[{"href":"https:\/\/shop.erdexim.de\/en\/wp-json\/wp\/v2\/product\/11293","targetHints":{"allow":["GET"]}}],"collection":[{"href":"https:\/\/shop.erdexim.de\/en\/wp-json\/wp\/v2\/product"}],"about":[{"href":"https:\/\/shop.erdexim.de\/en\/wp-json\/wp\/v2\/types\/product"}],"replies":[{"embeddable":true,"href":"https:\/\/shop.erdexim.de\/en\/wp-json\/wp\/v2\/comments?post=11293"}],"wp:featuredmedia":[{"embeddable":true,"href":"https:\/\/shop.erdexim.de\/en\/wp-json\/wp\/v2\/media\/11288"}],"wp:attachment":[{"href":"https:\/\/shop.erdexim.de\/en\/wp-json\/wp\/v2\/media?parent=11293"}],"wp:term":[{"taxonomy":"product_brand","embeddable":true,"href":"https:\/\/shop.erdexim.de\/en\/wp-json\/wp\/v2\/product_brand?post=11293"},{"taxonomy":"product_cat","embeddable":true,"href":"https:\/\/shop.erdexim.de\/en\/wp-json\/wp\/v2\/product_cat?post=11293"},{"taxonomy":"product_tag","embeddable":true,"href":"https:\/\/shop.erdexim.de\/en\/wp-json\/wp\/v2\/product_tag?post=11293"}],"curies":[{"name":"wp","href":"https:\/\/api.w.org\/{rel}","templated":true}]}}