{"id":11309,"date":"2026-03-24T19:27:17","date_gmt":"2026-03-24T18:27:17","guid":{"rendered":"https:\/\/shop.erdexim.de\/product\/netzteil-mitsubishi-mds-c1-cv-185\/"},"modified":"2026-03-30T18:56:14","modified_gmt":"2026-03-30T16:56:14","slug":"netzteil-mitsubishi-mds-c1-cv-185","status":"publish","type":"product","link":"https:\/\/shop.erdexim.de\/en\/product\/netzteil-mitsubishi-mds-c1-cv-185\/","title":{"rendered":"Netzteil Mitsubishi MDS-C1-CV-185"},"content":{"rendered":"<p>Modell \/ Typ: MDS-C1-CV-185<br \/>\nHerkunftsland: Japan<br \/>\nHersteller: Mitsubishi Electric<br \/>\nGewicht: 5,0 kg<br \/>\nAbmessungen: 400 \u00d7 350 \u00d7 130 mm<br \/>\nZustand: gebraucht, gepr\u00fcft, voll funktionsf\u00e4hig<br \/>\nPreis ohne MwSt.<br \/>\nZusatzinformation: Leistungsstarkes Netzteil f\u00fcr CNC-Antriebssysteme, Leistung 18,5 kW, Eingang 200\u2013230V AC, geeignet f\u00fcr industrielle Mitsubishi Antriebssysteme<\/p>","protected":false},"excerpt":{"rendered":"<p>Modell \/ Typ: MDS-C1-CV-185 Herkunftsland: Japan Hersteller: Mitsubishi Electric Gewicht: 5,0 kg Abmessungen: 400 \u00d7 350 \u00d7 130 mm Zustand: gebraucht, gepr\u00fcft, voll funktionsf\u00e4hig Preis ohne MwSt. Zusatzinformation: Leistungsstarkes Netzteil f\u00fcr CNC-Antriebssysteme, Leistung 18,5 kW, Eingang 200\u2013230V AC, geeignet f\u00fcr industrielle Mitsubishi Antriebssysteme<\/p>","protected":false},"featured_media":11305,"comment_status":"closed","ping_status":"closed","template":"","meta":[],"product_brand":[],"product_cat":[375],"product_tag":[],"class_list":{"0":"post-11309","1":"product","2":"type-product","3":"status-publish","4":"has-post-thumbnail","6":"product_cat-antriebstechnik","8":"first","9":"instock","10":"taxable","11":"shipping-taxable","12":"purchasable","13":"product-type-simple"},"jetpack_sharing_enabled":true,"_links":{"self":[{"href":"https:\/\/shop.erdexim.de\/en\/wp-json\/wp\/v2\/product\/11309","targetHints":{"allow":["GET"]}}],"collection":[{"href":"https:\/\/shop.erdexim.de\/en\/wp-json\/wp\/v2\/product"}],"about":[{"href":"https:\/\/shop.erdexim.de\/en\/wp-json\/wp\/v2\/types\/product"}],"replies":[{"embeddable":true,"href":"https:\/\/shop.erdexim.de\/en\/wp-json\/wp\/v2\/comments?post=11309"}],"wp:featuredmedia":[{"embeddable":true,"href":"https:\/\/shop.erdexim.de\/en\/wp-json\/wp\/v2\/media\/11305"}],"wp:attachment":[{"href":"https:\/\/shop.erdexim.de\/en\/wp-json\/wp\/v2\/media?parent=11309"}],"wp:term":[{"taxonomy":"product_brand","embeddable":true,"href":"https:\/\/shop.erdexim.de\/en\/wp-json\/wp\/v2\/product_brand?post=11309"},{"taxonomy":"product_cat","embeddable":true,"href":"https:\/\/shop.erdexim.de\/en\/wp-json\/wp\/v2\/product_cat?post=11309"},{"taxonomy":"product_tag","embeddable":true,"href":"https:\/\/shop.erdexim.de\/en\/wp-json\/wp\/v2\/product_tag?post=11309"}],"curies":[{"name":"wp","href":"https:\/\/api.w.org\/{rel}","templated":true}]}}