{"id":11333,"date":"2026-03-24T19:27:24","date_gmt":"2026-03-24T18:27:24","guid":{"rendered":"https:\/\/shop.erdexim.de\/product\/laser-distanzsensor-ifm-efector-lk8124\/"},"modified":"2026-04-15T14:04:12","modified_gmt":"2026-04-15T12:04:12","slug":"laser-distanzsensor-ifm-efector-lk8124","status":"publish","type":"product","link":"https:\/\/shop.erdexim.de\/en\/product\/laser-distanzsensor-ifm-efector-lk8124\/","title":{"rendered":"Laser-Distanzsensor IFM Efector LK8124"},"content":{"rendered":"<p>Modell \/ Typ: LK8124<br \/>\nHerkunftsland: Deutschland<br \/>\nHersteller: IFM Electronic<br \/>\nGewicht: 0,3 kg<br \/>\nAbmessungen: 60 \u00d7 60 \u00d7 800 mm<br \/>\nZustand: gebraucht, gepr\u00fcft, voll funktionsf\u00e4hig<br \/>\nPreis ohne MwSt.<br \/>\nZusatzinformation: Laser-Abstandssensor mit Anzeige und Teach-Funktion, geeignet f\u00fcr industrielle Mess- und Automatisierungsanwendungen<\/p>","protected":false},"excerpt":{"rendered":"<p>Modell \/ Typ: LK8124 Herkunftsland: Deutschland Hersteller: IFM Electronic Gewicht: 0,3 kg Abmessungen: 60 \u00d7 60 \u00d7 800 mm Zustand: gebraucht, gepr\u00fcft, voll funktionsf\u00e4hig Preis ohne MwSt. Zusatzinformation: Laser-Abstandssensor mit Anzeige und Teach-Funktion, geeignet f\u00fcr industrielle Mess- und Automatisierungsanwendungen<\/p>","protected":false},"featured_media":11328,"comment_status":"closed","ping_status":"closed","template":"","meta":[],"product_brand":[],"product_cat":[374],"product_tag":[],"class_list":{"0":"post-11333","1":"product","2":"type-product","3":"status-publish","4":"has-post-thumbnail","6":"product_cat-steuerungstechnik","8":"first","9":"instock","10":"taxable","11":"shipping-taxable","12":"purchasable","13":"product-type-simple"},"jetpack_sharing_enabled":true,"_links":{"self":[{"href":"https:\/\/shop.erdexim.de\/en\/wp-json\/wp\/v2\/product\/11333","targetHints":{"allow":["GET"]}}],"collection":[{"href":"https:\/\/shop.erdexim.de\/en\/wp-json\/wp\/v2\/product"}],"about":[{"href":"https:\/\/shop.erdexim.de\/en\/wp-json\/wp\/v2\/types\/product"}],"replies":[{"embeddable":true,"href":"https:\/\/shop.erdexim.de\/en\/wp-json\/wp\/v2\/comments?post=11333"}],"wp:featuredmedia":[{"embeddable":true,"href":"https:\/\/shop.erdexim.de\/en\/wp-json\/wp\/v2\/media\/11328"}],"wp:attachment":[{"href":"https:\/\/shop.erdexim.de\/en\/wp-json\/wp\/v2\/media?parent=11333"}],"wp:term":[{"taxonomy":"product_brand","embeddable":true,"href":"https:\/\/shop.erdexim.de\/en\/wp-json\/wp\/v2\/product_brand?post=11333"},{"taxonomy":"product_cat","embeddable":true,"href":"https:\/\/shop.erdexim.de\/en\/wp-json\/wp\/v2\/product_cat?post=11333"},{"taxonomy":"product_tag","embeddable":true,"href":"https:\/\/shop.erdexim.de\/en\/wp-json\/wp\/v2\/product_tag?post=11333"}],"curies":[{"name":"wp","href":"https:\/\/api.w.org\/{rel}","templated":true}]}}