{"id":11342,"date":"2026-03-24T19:27:28","date_gmt":"2026-03-24T18:27:28","guid":{"rendered":"https:\/\/shop.erdexim.de\/product\/servomotor-mitsubishi-ha203ncb-s\/"},"modified":"2026-03-24T18:27:28","modified_gmt":"2026-03-24T17:27:28","slug":"servomotor-mitsubishi-ha203ncb-s","status":"publish","type":"product","link":"https:\/\/shop.erdexim.de\/en\/product\/servomotor-mitsubishi-ha203ncb-s\/","title":{"rendered":"Servomotor Mitsubishi HA203NCB-S"},"content":{"rendered":"<p>Modell \/ Typ: HA203NCB-S<br \/>\nHerkunftsland: Japan<br \/>\nHersteller: Mitsubishi Electric<br \/>\nGewicht: 50 kg<br \/>\nAbmessungen: 500 \u00d7 250 \u00d7 250 mm<br \/>\nZustand: gebraucht, gepr\u00fcft, voll funktionsf\u00e4hig<br \/>\nPreis ohne MwSt.<br \/>\nZusatzinformation: AC-Servomotor mit 3,5 kW Leistung, 3000 U\/min, 170 V, geeignet f\u00fcr industrielle CNC-Anwendungen und Mitsubishi Servosysteme<\/p>","protected":false},"excerpt":{"rendered":"<p>Modell \/ Typ: HA203NCB-S Herkunftsland: Japan Hersteller: Mitsubishi Electric Gewicht: 50 kg Abmessungen: 500 \u00d7 250 \u00d7 250 mm Zustand: gebraucht, gepr\u00fcft, voll funktionsf\u00e4hig Preis ohne MwSt. Zusatzinformation: AC-Servomotor mit 3,5 kW Leistung, 3000 U\/min, 170 V, geeignet f\u00fcr industrielle CNC-Anwendungen und Mitsubishi Servosysteme<\/p>","protected":false},"featured_media":11339,"comment_status":"closed","ping_status":"closed","template":"","meta":[],"product_brand":[],"product_cat":[414],"product_tag":[],"class_list":{"0":"post-11342","1":"product","2":"type-product","3":"status-publish","4":"has-post-thumbnail","6":"product_cat-motoren","8":"first","9":"outofstock","10":"taxable","11":"shipping-taxable","12":"purchasable","13":"product-type-simple"},"jetpack_sharing_enabled":true,"_links":{"self":[{"href":"https:\/\/shop.erdexim.de\/en\/wp-json\/wp\/v2\/product\/11342","targetHints":{"allow":["GET"]}}],"collection":[{"href":"https:\/\/shop.erdexim.de\/en\/wp-json\/wp\/v2\/product"}],"about":[{"href":"https:\/\/shop.erdexim.de\/en\/wp-json\/wp\/v2\/types\/product"}],"replies":[{"embeddable":true,"href":"https:\/\/shop.erdexim.de\/en\/wp-json\/wp\/v2\/comments?post=11342"}],"wp:featuredmedia":[{"embeddable":true,"href":"https:\/\/shop.erdexim.de\/en\/wp-json\/wp\/v2\/media\/11339"}],"wp:attachment":[{"href":"https:\/\/shop.erdexim.de\/en\/wp-json\/wp\/v2\/media?parent=11342"}],"wp:term":[{"taxonomy":"product_brand","embeddable":true,"href":"https:\/\/shop.erdexim.de\/en\/wp-json\/wp\/v2\/product_brand?post=11342"},{"taxonomy":"product_cat","embeddable":true,"href":"https:\/\/shop.erdexim.de\/en\/wp-json\/wp\/v2\/product_cat?post=11342"},{"taxonomy":"product_tag","embeddable":true,"href":"https:\/\/shop.erdexim.de\/en\/wp-json\/wp\/v2\/product_tag?post=11342"}],"curies":[{"name":"wp","href":"https:\/\/api.w.org\/{rel}","templated":true}]}}