{"id":11350,"date":"2026-03-24T19:27:31","date_gmt":"2026-03-24T18:27:31","guid":{"rendered":"https:\/\/shop.erdexim.de\/product\/hema-maschinenschutz-rollabdeckung-ab-368737-1\/"},"modified":"2026-03-30T18:56:26","modified_gmt":"2026-03-30T16:56:26","slug":"hema-maschinenschutz-rollabdeckung-ab-368737-1","status":"publish","type":"product","link":"https:\/\/shop.erdexim.de\/en\/product\/hema-maschinenschutz-rollabdeckung-ab-368737-1\/","title":{"rendered":"HEMA Maschinenschutz Rollabdeckung AB 368737\/1"},"content":{"rendered":"<p>Modell \/ Typ: AB 368737\/1<br \/>\nHerkunftsland: Deutschland<br \/>\nHersteller: HEMA Maschinen- und Apparateschutz GmbH<br \/>\nGewicht: 11.0 kg<br \/>\nAbmessungen: 700 \u00d7 120 \u00d7 120 mm<br \/>\nZustand: gebraucht, gepr\u00fcft, voll funktionsf\u00e4hig<br \/>\nPreis ohne MwSt.<br \/>\nZusatzinformation: Rollabdeckung f\u00fcr Maschinenschutz, kundenspezifische Ausf\u00fchrung<\/p>","protected":false},"excerpt":{"rendered":"<p>Modell \/ Typ: AB 368737\/1 Herkunftsland: Deutschland Hersteller: HEMA Maschinen- und Apparateschutz GmbH Gewicht: 11.0 kg Abmessungen: 700 \u00d7 120 \u00d7 120 mm Zustand: gebraucht, gepr\u00fcft, voll funktionsf\u00e4hig Preis ohne MwSt. Zusatzinformation: Rollabdeckung f\u00fcr Maschinenschutz, kundenspezifische Ausf\u00fchrung<\/p>","protected":false},"featured_media":11346,"comment_status":"closed","ping_status":"closed","template":"","meta":[],"product_brand":[],"product_cat":[374],"product_tag":[],"class_list":{"0":"post-11350","1":"product","2":"type-product","3":"status-publish","4":"has-post-thumbnail","6":"product_cat-steuerungstechnik","8":"first","9":"instock","10":"taxable","11":"shipping-taxable","12":"purchasable","13":"product-type-simple"},"jetpack_sharing_enabled":true,"_links":{"self":[{"href":"https:\/\/shop.erdexim.de\/en\/wp-json\/wp\/v2\/product\/11350","targetHints":{"allow":["GET"]}}],"collection":[{"href":"https:\/\/shop.erdexim.de\/en\/wp-json\/wp\/v2\/product"}],"about":[{"href":"https:\/\/shop.erdexim.de\/en\/wp-json\/wp\/v2\/types\/product"}],"replies":[{"embeddable":true,"href":"https:\/\/shop.erdexim.de\/en\/wp-json\/wp\/v2\/comments?post=11350"}],"wp:featuredmedia":[{"embeddable":true,"href":"https:\/\/shop.erdexim.de\/en\/wp-json\/wp\/v2\/media\/11346"}],"wp:attachment":[{"href":"https:\/\/shop.erdexim.de\/en\/wp-json\/wp\/v2\/media?parent=11350"}],"wp:term":[{"taxonomy":"product_brand","embeddable":true,"href":"https:\/\/shop.erdexim.de\/en\/wp-json\/wp\/v2\/product_brand?post=11350"},{"taxonomy":"product_cat","embeddable":true,"href":"https:\/\/shop.erdexim.de\/en\/wp-json\/wp\/v2\/product_cat?post=11350"},{"taxonomy":"product_tag","embeddable":true,"href":"https:\/\/shop.erdexim.de\/en\/wp-json\/wp\/v2\/product_tag?post=11350"}],"curies":[{"name":"wp","href":"https:\/\/api.w.org\/{rel}","templated":true}]}}