{"id":11355,"date":"2026-03-24T19:27:33","date_gmt":"2026-03-24T18:27:33","guid":{"rendered":"https:\/\/shop.erdexim.de\/product\/fanuc-pulse-generator-a860-0201-t001-mit-bedienpanel\/"},"modified":"2026-03-30T18:56:28","modified_gmt":"2026-03-30T16:56:28","slug":"fanuc-pulse-generator-a860-0201-t001-mit-bedienpanel","status":"publish","type":"product","link":"https:\/\/shop.erdexim.de\/en\/product\/fanuc-pulse-generator-a860-0201-t001-mit-bedienpanel\/","title":{"rendered":"FANUC Pulse Generator A860-0201-T001 mit Bedienpanel"},"content":{"rendered":"<p>Modell \/ Typ: A860-0201-T001<br \/>\nHerkunftsland: Japan<br \/>\nHersteller: FANUC LTD<br \/>\nGewicht: 2.0 kg<br \/>\nAbmessungen: 400 \u00d7 200 \u00d7 120 mm<br \/>\nZustand: gebraucht, gepr\u00fcft, voll funktionsf\u00e4hig<br \/>\nPreis ohne MwSt.<br \/>\nZusatzinformation: Set bestehend aus Pulse Generator A860-0201-T001 und Maschinen-Bedienpanel mit Drehgeber, Schaltern und Bedienelementen, Versorgung +5V \/ 0V, Signale A und B, Baujahr 1985-04<\/p>","protected":false},"excerpt":{"rendered":"<p>Modell \/ Typ: A860-0201-T001 Herkunftsland: Japan Hersteller: FANUC LTD Gewicht: 2.0 kg Abmessungen: 400 \u00d7 200 \u00d7 120 mm Zustand: gebraucht, gepr\u00fcft, voll funktionsf\u00e4hig Preis ohne MwSt. Zusatzinformation: Set bestehend aus Pulse Generator A860-0201-T001 und Maschinen-Bedienpanel mit Drehgeber, Schaltern und Bedienelementen, Versorgung +5V \/ 0V, Signale A und B, Baujahr 1985-04<\/p>","protected":false},"featured_media":11351,"comment_status":"closed","ping_status":"closed","template":"","meta":[],"product_brand":[],"product_cat":[374],"product_tag":[],"class_list":{"0":"post-11355","1":"product","2":"type-product","3":"status-publish","4":"has-post-thumbnail","6":"product_cat-steuerungstechnik","8":"first","9":"instock","10":"taxable","11":"shipping-taxable","12":"purchasable","13":"product-type-simple"},"jetpack_sharing_enabled":true,"_links":{"self":[{"href":"https:\/\/shop.erdexim.de\/en\/wp-json\/wp\/v2\/product\/11355","targetHints":{"allow":["GET"]}}],"collection":[{"href":"https:\/\/shop.erdexim.de\/en\/wp-json\/wp\/v2\/product"}],"about":[{"href":"https:\/\/shop.erdexim.de\/en\/wp-json\/wp\/v2\/types\/product"}],"replies":[{"embeddable":true,"href":"https:\/\/shop.erdexim.de\/en\/wp-json\/wp\/v2\/comments?post=11355"}],"wp:featuredmedia":[{"embeddable":true,"href":"https:\/\/shop.erdexim.de\/en\/wp-json\/wp\/v2\/media\/11351"}],"wp:attachment":[{"href":"https:\/\/shop.erdexim.de\/en\/wp-json\/wp\/v2\/media?parent=11355"}],"wp:term":[{"taxonomy":"product_brand","embeddable":true,"href":"https:\/\/shop.erdexim.de\/en\/wp-json\/wp\/v2\/product_brand?post=11355"},{"taxonomy":"product_cat","embeddable":true,"href":"https:\/\/shop.erdexim.de\/en\/wp-json\/wp\/v2\/product_cat?post=11355"},{"taxonomy":"product_tag","embeddable":true,"href":"https:\/\/shop.erdexim.de\/en\/wp-json\/wp\/v2\/product_tag?post=11355"}],"curies":[{"name":"wp","href":"https:\/\/api.w.org\/{rel}","templated":true}]}}