{"id":11382,"date":"2026-03-24T19:27:45","date_gmt":"2026-03-24T18:27:45","guid":{"rendered":"https:\/\/shop.erdexim.de\/product\/siemens-simodrive-611-ein-rueckspeisemodul-6sn1146-1bb00-0ea1\/"},"modified":"2026-03-31T13:43:41","modified_gmt":"2026-03-31T11:43:41","slug":"siemens-simodrive-611-ein-rueckspeisemodul-6sn1146-1bb00-0ea1","status":"publish","type":"product","link":"https:\/\/shop.erdexim.de\/en\/product\/siemens-simodrive-611-ein-rueckspeisemodul-6sn1146-1bb00-0ea1\/","title":{"rendered":"Siemens SIMODRIVE 611 Ein-\/R\u00fcckspeisemodul 6SN1146-1BB00-0EA1"},"content":{"rendered":"<p>Modell \/ Typ: 6SN1146-1BB00-0EA1<br \/>\nHerkunftsland: Deutschland<br \/>\nHersteller: Siemens<br \/>\nGewicht: 8.0 kg<br \/>\nAbmessungen: 500 \u00d7 300 \u00d7 300 mm<br \/>\nZustand: gebraucht, gepr\u00fcft, voll funktionsf\u00e4hig<br \/>\nPreis ohne MwSt.<br \/>\nZusatzinformation: SIMODRIVE 611 Ein-\/R\u00fcckspeisemodul 80\/10, Industrie-Modul f\u00fcr Energieeinspeisung und R\u00fcckspeisung<\/p>","protected":false},"excerpt":{"rendered":"<p>Modell \/ Typ: 6SN1146-1BB00-0EA1 Herkunftsland: Deutschland Hersteller: Siemens Gewicht: 8.0 kg Abmessungen: 500 \u00d7 300 \u00d7 300 mm Zustand: gebraucht, gepr\u00fcft, voll funktionsf\u00e4hig Preis ohne MwSt. Zusatzinformation: SIMODRIVE 611 Ein-\/R\u00fcckspeisemodul 80\/10, Industrie-Modul f\u00fcr Energieeinspeisung und R\u00fcckspeisung<\/p>","protected":false},"featured_media":11378,"comment_status":"closed","ping_status":"closed","template":"","meta":[],"product_brand":[],"product_cat":[375],"product_tag":[],"class_list":{"0":"post-11382","1":"product","2":"type-product","3":"status-publish","4":"has-post-thumbnail","6":"product_cat-antriebstechnik","8":"first","9":"instock","10":"taxable","11":"shipping-taxable","12":"purchasable","13":"product-type-simple"},"jetpack_sharing_enabled":true,"_links":{"self":[{"href":"https:\/\/shop.erdexim.de\/en\/wp-json\/wp\/v2\/product\/11382","targetHints":{"allow":["GET"]}}],"collection":[{"href":"https:\/\/shop.erdexim.de\/en\/wp-json\/wp\/v2\/product"}],"about":[{"href":"https:\/\/shop.erdexim.de\/en\/wp-json\/wp\/v2\/types\/product"}],"replies":[{"embeddable":true,"href":"https:\/\/shop.erdexim.de\/en\/wp-json\/wp\/v2\/comments?post=11382"}],"wp:featuredmedia":[{"embeddable":true,"href":"https:\/\/shop.erdexim.de\/en\/wp-json\/wp\/v2\/media\/11378"}],"wp:attachment":[{"href":"https:\/\/shop.erdexim.de\/en\/wp-json\/wp\/v2\/media?parent=11382"}],"wp:term":[{"taxonomy":"product_brand","embeddable":true,"href":"https:\/\/shop.erdexim.de\/en\/wp-json\/wp\/v2\/product_brand?post=11382"},{"taxonomy":"product_cat","embeddable":true,"href":"https:\/\/shop.erdexim.de\/en\/wp-json\/wp\/v2\/product_cat?post=11382"},{"taxonomy":"product_tag","embeddable":true,"href":"https:\/\/shop.erdexim.de\/en\/wp-json\/wp\/v2\/product_tag?post=11382"}],"curies":[{"name":"wp","href":"https:\/\/api.w.org\/{rel}","templated":true}]}}