{"id":11386,"date":"2026-03-24T19:27:46","date_gmt":"2026-03-24T18:27:46","guid":{"rendered":"https:\/\/shop.erdexim.de\/product\/siemens-simodrive-lt-modul-int-2x25a-6sn1123-1ab00-0ba0\/"},"modified":"2026-04-13T13:36:30","modified_gmt":"2026-04-13T11:36:30","slug":"siemens-simodrive-lt-modul-int-2x25a-6sn1123-1ab00-0ba0","status":"publish","type":"product","link":"https:\/\/shop.erdexim.de\/en\/product\/siemens-simodrive-lt-modul-int-2x25a-6sn1123-1ab00-0ba0\/","title":{"rendered":"Siemens SIMODRIVE LT-Modul INT. 2x25A 6SN1123-1AB00-0BA0"},"content":{"rendered":"<p>Modell \/ Typ: 6SN1123-1AB00-0BA0<br \/>\nHerkunftsland: Deutschland<br \/>\nHersteller: Siemens<br \/>\nGewicht: 8.0 kg<br \/>\nAbmessungen: 500 \u00d7 300 \u00d7 300 mm<br \/>\nZustand: gebraucht, gepr\u00fcft, voll funktionsf\u00e4hig<br \/>\nPreis ohne MwSt.<br \/>\nZusatzinformation: SIMODRIVE LT-Modul INT. 2x25A, internes Leistungsmodul f\u00fcr Antriebssysteme<\/p>","protected":false},"excerpt":{"rendered":"<p>Modell \/ Typ: 6SN1123-1AB00-0BA0 Herkunftsland: Deutschland Hersteller: Siemens Gewicht: 8.0 kg Abmessungen: 500 \u00d7 300 \u00d7 300 mm Zustand: gebraucht, gepr\u00fcft, voll funktionsf\u00e4hig Preis ohne MwSt. Zusatzinformation: SIMODRIVE LT-Modul INT. 2x25A, internes Leistungsmodul f\u00fcr Antriebssysteme<\/p>","protected":false},"featured_media":11383,"comment_status":"closed","ping_status":"closed","template":"","meta":[],"product_brand":[],"product_cat":[375],"product_tag":[],"class_list":{"0":"post-11386","1":"product","2":"type-product","3":"status-publish","4":"has-post-thumbnail","6":"product_cat-antriebstechnik","8":"first","9":"instock","10":"taxable","11":"shipping-taxable","12":"purchasable","13":"product-type-simple"},"jetpack_sharing_enabled":true,"_links":{"self":[{"href":"https:\/\/shop.erdexim.de\/en\/wp-json\/wp\/v2\/product\/11386","targetHints":{"allow":["GET"]}}],"collection":[{"href":"https:\/\/shop.erdexim.de\/en\/wp-json\/wp\/v2\/product"}],"about":[{"href":"https:\/\/shop.erdexim.de\/en\/wp-json\/wp\/v2\/types\/product"}],"replies":[{"embeddable":true,"href":"https:\/\/shop.erdexim.de\/en\/wp-json\/wp\/v2\/comments?post=11386"}],"wp:featuredmedia":[{"embeddable":true,"href":"https:\/\/shop.erdexim.de\/en\/wp-json\/wp\/v2\/media\/11383"}],"wp:attachment":[{"href":"https:\/\/shop.erdexim.de\/en\/wp-json\/wp\/v2\/media?parent=11386"}],"wp:term":[{"taxonomy":"product_brand","embeddable":true,"href":"https:\/\/shop.erdexim.de\/en\/wp-json\/wp\/v2\/product_brand?post=11386"},{"taxonomy":"product_cat","embeddable":true,"href":"https:\/\/shop.erdexim.de\/en\/wp-json\/wp\/v2\/product_cat?post=11386"},{"taxonomy":"product_tag","embeddable":true,"href":"https:\/\/shop.erdexim.de\/en\/wp-json\/wp\/v2\/product_tag?post=11386"}],"curies":[{"name":"wp","href":"https:\/\/api.w.org\/{rel}","templated":true}]}}