{"id":11550,"date":"2026-03-31T15:43:46","date_gmt":"2026-03-31T13:43:46","guid":{"rendered":"https:\/\/shop.erdexim.de\/product\/weldon-aufnahme-sk40-18x63\/"},"modified":"2026-04-23T14:32:02","modified_gmt":"2026-04-23T12:32:02","slug":"weldon-aufnahme-sk40-18x63","status":"publish","type":"product","link":"https:\/\/shop.erdexim.de\/en\/product\/weldon-aufnahme-sk40-18x63\/","title":{"rendered":"Weldon-Aufnahme SK40 18\u00d763"},"content":{"rendered":"<p>Modell \/ Typ: SK40<br \/>\nHerkunftsland: Deutschland<br \/>\nHersteller: Haimer \/ Garant \/ G\u00fchring<br \/>\nGewicht: 0,2 kg<br \/>\nAbmessungen: 140 \u00d7 70 \u00d7 70 mm<br \/>\nZustand: gebraucht, gepr\u00fcft, voll funktionsf\u00e4hig<br \/>\nPreis ohne MwSt.<br \/>\nZusatzinformation: Weldon-Aufnahme mit \u00d818 \u00d7 63 mm, geeignet f\u00fcr SK40-Spindeln<\/p>","protected":false},"excerpt":{"rendered":"<p>Modell \/ Typ: SK40 Herkunftsland: Deutschland Hersteller: Haimer \/ Garant \/ G\u00fchring Gewicht: 0,2 kg Abmessungen: 140 \u00d7 70 \u00d7 70 mm Zustand: gebraucht, gepr\u00fcft, voll funktionsf\u00e4hig Preis ohne MwSt. Zusatzinformation: Weldon-Aufnahme mit \u00d818 \u00d7 63 mm, geeignet f\u00fcr SK40-Spindeln<\/p>","protected":false},"featured_media":11546,"comment_status":"closed","ping_status":"closed","template":"","meta":[],"product_brand":[],"product_cat":[449],"product_tag":[],"class_list":{"0":"post-11550","1":"product","2":"type-product","3":"status-publish","4":"has-post-thumbnail","6":"product_cat-werkzeuge","8":"first","9":"instock","10":"taxable","11":"shipping-taxable","12":"purchasable","13":"product-type-simple"},"jetpack_sharing_enabled":true,"_links":{"self":[{"href":"https:\/\/shop.erdexim.de\/en\/wp-json\/wp\/v2\/product\/11550","targetHints":{"allow":["GET"]}}],"collection":[{"href":"https:\/\/shop.erdexim.de\/en\/wp-json\/wp\/v2\/product"}],"about":[{"href":"https:\/\/shop.erdexim.de\/en\/wp-json\/wp\/v2\/types\/product"}],"replies":[{"embeddable":true,"href":"https:\/\/shop.erdexim.de\/en\/wp-json\/wp\/v2\/comments?post=11550"}],"wp:featuredmedia":[{"embeddable":true,"href":"https:\/\/shop.erdexim.de\/en\/wp-json\/wp\/v2\/media\/11546"}],"wp:attachment":[{"href":"https:\/\/shop.erdexim.de\/en\/wp-json\/wp\/v2\/media?parent=11550"}],"wp:term":[{"taxonomy":"product_brand","embeddable":true,"href":"https:\/\/shop.erdexim.de\/en\/wp-json\/wp\/v2\/product_brand?post=11550"},{"taxonomy":"product_cat","embeddable":true,"href":"https:\/\/shop.erdexim.de\/en\/wp-json\/wp\/v2\/product_cat?post=11550"},{"taxonomy":"product_tag","embeddable":true,"href":"https:\/\/shop.erdexim.de\/en\/wp-json\/wp\/v2\/product_tag?post=11550"}],"curies":[{"name":"wp","href":"https:\/\/api.w.org\/{rel}","templated":true}]}}